{"id":314,"date":"2021-03-17T01:34:20","date_gmt":"2021-03-17T00:34:20","guid":{"rendered":"https:\/\/luminussolutions.be?page_id=314"},"modified":"2024-07-16T17:20:34","modified_gmt":"2024-07-16T15:20:34","slug":"over-ons","status":"publish","type":"page","link":"https:\/\/luminussolutions.be\/nl\/over-ons\/","title":{"rendered":"Wie zijn wij?"},"content":{"rendered":"<p>[et_pb_section fb_built=&#8221;1&#8243; _builder_version=&#8221;4.16&#8243; _module_preset=&#8221;default&#8221; background_color=&#8221;#F6F6F6&#8243; global_colors_info=&#8221;{}&#8221; theme_builder_area=&#8221;post_content&#8221;][et_pb_row column_structure=&#8221;2_5,3_5&#8243; _builder_version=&#8221;4.26.1&#8243; _module_preset=&#8221;default&#8221; hover_enabled=&#8221;0&#8243; global_colors_info=&#8221;{}&#8221; theme_builder_area=&#8221;post_content&#8221; module_class=&#8221;switch&#8221; sticky_enabled=&#8221;0&#8243;][et_pb_column type=&#8221;2_5&#8243; _builder_version=&#8221;4.16&#8243; _module_preset=&#8221;default&#8221; global_colors_info=&#8221;{}&#8221; theme_builder_area=&#8221;post_content&#8221;][et_pb_text _builder_version=&#8221;4.23.4&#8243; _module_preset=&#8221;default&#8221; global_colors_info=&#8221;{}&#8221; theme_builder_area=&#8221;post_content&#8221;]<\/p>\n<h2><strong>Onze missie<\/strong><\/h2>\n<p>Luminus Solutions gaat samen met jou de uitdaging van de energietransitie aan. Onze gepassioneerde experts ontwerpen, bouwen en onderhouden innovatieve energieoplossingen op maat.<\/p>\n<p>Ons motto is <strong><em>\u2018Your energy\u2026\u00a0 <\/em><\/strong><strong><em>our solutions\u2019.<\/em><\/strong> We zorgen ervoor dat u de energieprestaties van uw gebouwen kan verbeteren en uw eigen energie kan opwekken, we decarboniseren uw industri\u00eble processen en beveiligen uw kritische processen tegen stroomstoringen. Onze hoge kwaliteits- en veiligheidsnormen staan garant voor onze prestaties en betrouwbaarheid.<\/p>\n<p>Bent u op zoek naar een oplossing op maat? Onze experts helpen u graag verder!<\/p>\n<p>[\/et_pb_text][\/et_pb_column][et_pb_column type=&#8221;3_5&#8243; _builder_version=&#8221;4.16&#8243; _module_preset=&#8221;default&#8221; global_colors_info=&#8221;{}&#8221; theme_builder_area=&#8221;post_content&#8221;][et_pb_video src=&#8221;https:\/\/vimeo.com\/984994855?share=copy&#8221; _builder_version=&#8221;4.26.1&#8243; _module_preset=&#8221;default&#8221; global_colors_info=&#8221;{}&#8221; theme_builder_area=&#8221;post_content&#8221;][\/et_pb_video][\/et_pb_column][\/et_pb_row][\/et_pb_section][et_pb_section fb_built=&#8221;1&#8243; _builder_version=&#8221;4.24.0&#8243; _module_preset=&#8221;default&#8221; global_colors_info=&#8221;{}&#8221; theme_builder_area=&#8221;post_content&#8221;][et_pb_row column_structure=&#8221;1_2,1_2&#8243; module_class=&#8221;v-align&#8221; _builder_version=&#8221;4.24.0&#8243; _module_preset=&#8221;default&#8221; global_colors_info=&#8221;{}&#8221; theme_builder_area=&#8221;post_content&#8221;][et_pb_column type=&#8221;1_2&#8243; _builder_version=&#8221;4.24.0&#8243; _module_preset=&#8221;default&#8221; global_colors_info=&#8221;{}&#8221; theme_builder_area=&#8221;post_content&#8221;][et_pb_text _builder_version=&#8221;4.24.0&#8243; _module_preset=&#8221;default&#8221; global_colors_info=&#8221;{}&#8221; theme_builder_area=&#8221;post_content&#8221;]<\/p>\n<h2>Onze aanpak<\/h2>\n<p><strong>Iedere klant is anders\u2026 iedere oplossing dus ook.<\/strong><\/p>\n<p>Daarom vind je bij ons geen hapklare standaard oplossingen, maar ontwikkelen wij voor jou de oplossing die het beste bij jouw noden en wensen past.<\/p>\n<p>[\/et_pb_text][et_pb_accordion open_toggle_text_color=&#8221;#001A70&#8243; closed_toggle_text_color=&#8221;#001A70&#8243; _builder_version=&#8221;4.24.0&#8243; _module_preset=&#8221;default&#8221; toggle_font=&#8221;|600|||||||&#8221; closed_toggle_font=&#8221;|600|||||||&#8221; global_colors_info=&#8221;{}&#8221; theme_builder_area=&#8221;post_content&#8221;][et_pb_accordion_item title=&#8221;hideme&#8221; open=&#8221;on&#8221; _builder_version=&#8221;4.24.0&#8243; _module_preset=&#8221;default&#8221; custom_css_free_form=&#8221;selector {||  display:none;||}&#8221; global_colors_info=&#8221;{}&#8221; theme_builder_area=&#8221;post_content&#8221;]<\/p>\n<p>Your content goes here. Edit or remove this text inline or in the module Content settings. You can also style every aspect of this content in the module Design settings and even apply custom CSS to this text in the module Advanced settings.<\/p>\n<p>[\/et_pb_accordion_item][et_pb_accordion_item title=&#8221;Begeleiding bij elke stap&#8221; _builder_version=&#8221;4.24.0&#8243; _module_preset=&#8221;default&#8221; global_colors_info=&#8221;{}&#8221; theme_builder_area=&#8221;post_content&#8221; open=&#8221;off&#8221;]<\/p>\n<p>Wij begeleiden u vanaf de haalbaarheidsstudie en de vergunning tot de bouw en maar integratie van uw nieuwe installatie in uw proces. Onze technische experts onderhouden en monitoren de goede werking van uw installatie.<\/p>\n<p>[\/et_pb_accordion_item][et_pb_accordion_item title=&#8221;Volgens uw wensen&#8221; _builder_version=&#8221;4.24.0&#8243; _module_preset=&#8221;default&#8221; global_colors_info=&#8221;{}&#8221; theme_builder_area=&#8221;post_content&#8221; open=&#8221;off&#8221;]<\/p>\n<p>U kiest zelf hoeveel service u wenst. Wilt u zich concentreren op uw core business, dan bouwen we uw installatie volgens het sleutel-op-de-deur-principe en nemen we alle kosten en risico\u2019s op ons. Wilt u zelf meer betrokken zijn, dan treden wij op als uw vertegenwoordiger en zijn we het aanspreekpunt voor alle partijen. Aan u de keuze.<\/p>\n<p>[\/et_pb_accordion_item][et_pb_accordion_item title=&#8221;Alles-in-\u00e9\u00e9n contract m\u00e9t garantie&#8221; _builder_version=&#8221;4.24.0&#8243; _module_preset=&#8221;default&#8221; global_colors_info=&#8221;{}&#8221; theme_builder_area=&#8221;post_content&#8221; open=&#8221;off&#8221;]<\/p>\n<p>Als u voor een energieprestatiecontract (EPC) kiest, stellen we de meest geschikte oplossing voor in functie van het budget en de doelstellingen. We voeren de werken uit en verzorgen het onderhoud en de monitoring achteraf. Zo garanderen wij dat u energie zult besparen!<\/p>\n<p>[\/et_pb_accordion_item][et_pb_accordion_item title=&#8221;Energy as a service&#8221; _builder_version=&#8221;4.24.0&#8243; _module_preset=&#8221;default&#8221; global_colors_info=&#8221;{}&#8221; theme_builder_area=&#8221;post_content&#8221; open=&#8221;off&#8221;]<\/p>\n<p>Een interessante manier om de productie en verdeling van warmte in een gebouw duurzamer te maken. Wij renoveren uw warmteproductie, leveren u de warmte en beheren uw installatie zolang het contract loopt. Een optimale integratie van verschillende warmtebronnen zorgen ervoor dat u veel energie kan besparen.<\/p>\n<p>[\/et_pb_accordion_item][\/et_pb_accordion][\/et_pb_column][et_pb_column type=&#8221;1_2&#8243; _builder_version=&#8221;4.24.0&#8243; _module_preset=&#8221;default&#8221; global_colors_info=&#8221;{}&#8221; theme_builder_area=&#8221;post_content&#8221;][dpdfg_filtergrid custom_query=&#8221;posts_ids&#8221; posts_ids=&#8221;5327,4386,5342,4239&#8243; post_number=&#8221;4&#8243; order=&#8221;ASC&#8221; orderby=&#8221;post__in&#8221; use_overlay=&#8221;off&#8221; title_link=&#8221;on&#8221; show_post_meta=&#8221;off&#8221; read_more=&#8221;on&#8221; read_more_text=&#8221;Lees meer&#8221; show_filters=&#8221;off&#8221; show_pagination=&#8221;off&#8221; items_width=&#8221;45%&#8221; items_skin=&#8221;dp-dfg-skin-default dp-dfg-skin-itemsinoverlay&#8221; items_width_tablet=&#8221;40%&#8221; items_width_phone=&#8221;50%&#8221; items_width_last_edited=&#8221;on|phone&#8221; module_id=&#8221;oplossingen-grid&#8221; _builder_version=&#8221;4.24.2&#8243; _module_preset=&#8221;default&#8221; read_more_button_alignment=&#8221;left&#8221; locked=&#8221;off&#8221; global_colors_info=&#8221;{}&#8221; theme_builder_area=&#8221;post_content&#8221;][\/dpdfg_filtergrid][\/et_pb_column][\/et_pb_row][\/et_pb_section][et_pb_section fb_built=&#8221;1&#8243; _builder_version=&#8221;4.24.0&#8243; _module_preset=&#8221;default&#8221; background_color=&#8221;#F6F6F6&#8243; global_colors_info=&#8221;{}&#8221; theme_builder_area=&#8221;post_content&#8221;][et_pb_row module_class=&#8221;what-we-find-important-row&#8221; _builder_version=&#8221;4.24.3&#8243; _module_preset=&#8221;default&#8221; global_colors_info=&#8221;{}&#8221; theme_builder_area=&#8221;post_content&#8221;][et_pb_column type=&#8221;4_4&#8243; _builder_version=&#8221;4.24.0&#8243; _module_preset=&#8221;default&#8221; global_colors_info=&#8221;{}&#8221; theme_builder_area=&#8221;post_content&#8221;][et_pb_text _builder_version=&#8221;4.24.3&#8243; _module_preset=&#8221;default&#8221; width=&#8221;100%&#8221; module_alignment=&#8221;center&#8221; custom_css_free_form=&#8221;selector {||  min-width:100%;||}&#8221; global_colors_info=&#8221;{}&#8221; theme_builder_area=&#8221;post_content&#8221;]<\/p>\n<h2 style=\"text-align: center;\">Wat vinden wij belangrijk?<\/h2>\n<p>[\/et_pb_text][et_pb_blurb title=&#8221;#CustomerFirst&#8221; image=&#8221;https:\/\/luminussolutions.be\/wp-content\/uploads\/2024\/01\/pexels-sora-shimazaki-5673488-1024&#215;683.jpg&#8221; _builder_version=&#8221;4.24.0&#8243; _module_preset=&#8221;default&#8221; global_colors_info=&#8221;{}&#8221; theme_builder_area=&#8221;post_content&#8221;]<\/p>\n<p>Onze klanten zijn onze beste ambassadeurs<\/p>\n<p>[\/et_pb_blurb][et_pb_blurb title=&#8221;#Sustainable&#8221; image=&#8221;https:\/\/luminussolutions.be\/wp-content\/uploads\/2024\/01\/spring-tree-flowers-meadow-60006-scaled.jpg&#8221; _builder_version=&#8221;4.24.0&#8243; _module_preset=&#8221;default&#8221; global_colors_info=&#8221;{}&#8221; theme_builder_area=&#8221;post_content&#8221;]<\/p>\n<p>Wij respecteren het milieu en ondernemen op een verantwoorde manier<\/p>\n<p>[\/et_pb_blurb][et_pb_blurb title=&#8221;#Expertise&#8221; image=&#8221;https:\/\/luminussolutions.be\/wp-content\/uploads\/2024\/01\/IMG_8330-1024&#215;768.jpeg&#8221; _builder_version=&#8221;4.24.0&#8243; _module_preset=&#8221;default&#8221; global_colors_info=&#8221;{}&#8221; theme_builder_area=&#8221;post_content&#8221;]<\/p>\n<p>Wij zijn trots op de knowhow van onze medewerkers<\/p>\n<p>[\/et_pb_blurb][et_pb_blurb title=&#8221;#Engagement&#8221; image=&#8221;https:\/\/luminussolutions.be\/wp-content\/uploads\/2024\/01\/IMG_8335.jpeg&#8221; _builder_version=&#8221;4.24.3&#8243; _module_preset=&#8221;default&#8221; global_colors_info=&#8221;{}&#8221; theme_builder_area=&#8221;post_content&#8221;]<\/p>\n<p>Wij zijn toegewijd en voelen ons persoonlijk betrokken<\/p>\n<p>[\/et_pb_blurb][et_pb_blurb title=&#8221;#OneTeam&#8221; image=&#8221;https:\/\/luminussolutions.be\/wp-content\/uploads\/2024\/01\/1257031-COLLABORATEURS-1024&#215;683.jpg&#8221; _builder_version=&#8221;4.24.3&#8243; _module_preset=&#8221;default&#8221; global_colors_info=&#8221;{}&#8221; theme_builder_area=&#8221;post_content&#8221;]<\/p>\n<p><span>Samen zorgen we voor onze interne en externe klanten<\/span><\/p>\n<p>[\/et_pb_blurb][\/et_pb_column][\/et_pb_row][\/et_pb_section][et_pb_section fb_built=&#8221;1&#8243; _builder_version=&#8221;4.16&#8243; _module_preset=&#8221;default&#8221; background_color=&#8221;RGBA(0,0,0,0)&#8221; global_colors_info=&#8221;{}&#8221; theme_builder_area=&#8221;post_content&#8221;][et_pb_row column_structure=&#8221;1_2,1_2&#8243; module_class=&#8221;v-align&#8221; _builder_version=&#8221;4.24.0&#8243; _module_preset=&#8221;default&#8221; global_colors_info=&#8221;{}&#8221; theme_builder_area=&#8221;post_content&#8221;][et_pb_column type=&#8221;1_2&#8243; _builder_version=&#8221;4.16&#8243; _module_preset=&#8221;default&#8221; global_colors_info=&#8221;{}&#8221; theme_builder_area=&#8221;post_content&#8221;][et_pb_video src=&#8221;https:\/\/vimeo.com\/984997425?share=copy&#8221; _builder_version=&#8221;4.26.1&#8243; _module_preset=&#8221;default&#8221; width=&#8221;100%&#8221; max_width=&#8221;100%&#8221; module_alignment=&#8221;center&#8221; custom_margin=&#8221;||-10px|||&#8221; custom_padding=&#8221;||0px|||&#8221; global_colors_info=&#8221;{}&#8221; theme_builder_area=&#8221;post_content&#8221;][\/et_pb_video][\/et_pb_column][et_pb_column type=&#8221;1_2&#8243; _builder_version=&#8221;4.16&#8243; _module_preset=&#8221;default&#8221; global_colors_info=&#8221;{}&#8221; theme_builder_area=&#8221;post_content&#8221;][et_pb_heading title=&#8221;Onze mensen maken het verschil&#8221; _builder_version=&#8221;4.24.2&#8243; _module_preset=&#8221;default&#8221; title_level=&#8221;h2&#8243; custom_margin=&#8221;||-2px|||&#8221; global_colors_info=&#8221;{}&#8221; theme_builder_area=&#8221;post_content&#8221;][\/et_pb_heading][et_pb_text _builder_version=&#8221;4.24.2&#8243; _module_preset=&#8221;default&#8221; global_colors_info=&#8221;{}&#8221; theme_builder_area=&#8221;post_content&#8221;]<\/p>\n<p>\u2705 Experts in verschillende energiedomeinen<\/p>\n<p>\u2705 Creatieve ingenieurs die out-of-the-box durven denken en doen<\/p>\n<p>\u2705 Ervaren onderhoudstechniekers die graag de handen uit de mouwen steken<\/p>\n<p>\u2705 Gedreven medewerkers voor \u00e9n achter de schermen<\/p>\n<p>Maar vooral ook een toffe bende collega\u2019s die hard werken maar ook veel plezier kunnen maken!<\/p>\n<p><strong>Samen met onze klanten pakken wij de energietransitie aan! Samen maken wij het verschil!<\/strong><\/p>\n<p>[\/et_pb_text][\/et_pb_column][\/et_pb_row][\/et_pb_section][et_pb_section fb_built=&#8221;1&#8243; _builder_version=&#8221;4.24.0&#8243; _module_preset=&#8221;default&#8221; background_enable_color=&#8221;off&#8221; global_colors_info=&#8221;{}&#8221; theme_builder_area=&#8221;post_content&#8221;][et_pb_row _builder_version=&#8221;4.16&#8243; _module_preset=&#8221;default&#8221; global_colors_info=&#8221;{}&#8221; theme_builder_area=&#8221;post_content&#8221;][et_pb_column type=&#8221;4_4&#8243; _builder_version=&#8221;4.16&#8243; _module_preset=&#8221;default&#8221; global_colors_info=&#8221;{}&#8221; theme_builder_area=&#8221;post_content&#8221;][et_pb_heading title=&#8221;Deel van een sterke internationale groep&#8221; _builder_version=&#8221;4.24.2&#8243; _module_preset=&#8221;default&#8221; title_level=&#8221;h2&#8243; custom_margin=&#8221;||-1px|||&#8221; global_colors_info=&#8221;{}&#8221; theme_builder_area=&#8221;post_content&#8221;][\/et_pb_heading][et_pb_text _builder_version=&#8221;4.24.2&#8243; _module_preset=&#8221;default&#8221; custom_margin=&#8221;||0px|||&#8221; global_colors_info=&#8221;{}&#8221; theme_builder_area=&#8221;post_content&#8221;]<\/p>\n<p>Luminus Solutions is een dochteronderneming van <strong>Luminus<\/strong> en <strong>Dalkia<\/strong>, die beide deel uitmaken van het <strong>Franse energiebedrijf EDF<\/strong>. Als onderdeel van een sterke groep kunnen we rekenen op een uitgebreid netwerk van experts. De filialen van de Luminus-groep zijn actief in verschillende energiedomeinen, van elektrotechniek en HVAC-installaties tot zonnepanelen en windenergie.<\/p>\n<p>Naast onze uitgebreide activiteiten in Belgi\u00eb zijn we ook <strong>internationaal actief<\/strong> met onze business unit Power Quality. Daarmee werken we aan projecten rond het verzekeren van de stroomkwaliteit voor bedrijven in Frankrijk en Zwitserland.<\/p>\n<p>[\/et_pb_text][\/et_pb_column][\/et_pb_row][\/et_pb_section][et_pb_section fb_built=&#8221;1&#8243; _builder_version=&#8221;4.24.0&#8243; _module_preset=&#8221;default&#8221; background_color=&#8221;#F6F6F6&#8243; custom_padding=&#8221;||0px||false|false&#8221; global_colors_info=&#8221;{}&#8221; theme_builder_area=&#8221;post_content&#8221;][et_pb_row _builder_version=&#8221;4.24.0&#8243; _module_preset=&#8221;default&#8221; custom_padding=&#8221;||0px||false|false&#8221; global_colors_info=&#8221;{}&#8221; theme_builder_area=&#8221;post_content&#8221;][et_pb_column type=&#8221;4_4&#8243; _builder_version=&#8221;4.16&#8243; _module_preset=&#8221;default&#8221; global_colors_info=&#8221;{}&#8221; theme_builder_area=&#8221;post_content&#8221;][et_pb_text _builder_version=&#8221;4.24.0&#8243; _module_preset=&#8221;default&#8221; global_colors_info=&#8221;{}&#8221; theme_builder_area=&#8221;post_content&#8221;]<\/p>\n<h2 style=\"text-align: center;\">Onze geschiedenis<\/h2>\n<p>[\/et_pb_text][\/et_pb_column][\/et_pb_row][\/et_pb_section][et_pb_section fb_built=&#8221;1&#8243; _builder_version=&#8221;4.24.0&#8243; _module_preset=&#8221;default&#8221; background_color=&#8221;#F6F6F6&#8243; custom_padding=&#8221;0px||0px|||&#8221; global_colors_info=&#8221;{}&#8221; theme_builder_area=&#8221;post_content&#8221;][et_pb_row _builder_version=&#8221;4.16&#8243; _module_preset=&#8221;default&#8221; custom_padding=&#8221;0px||0px|||&#8221; global_colors_info=&#8221;{}&#8221; theme_builder_area=&#8221;post_content&#8221;][et_pb_column type=&#8221;4_4&#8243; _builder_version=&#8221;4.16&#8243; _module_preset=&#8221;default&#8221; global_colors_info=&#8221;{}&#8221; theme_builder_area=&#8221;post_content&#8221;][diti_timeline horizontal_line_color=&#8221;#F6F6F6&#8243; horizontal_line_width=&#8221;2px&#8221; box_background_color=&#8221;#ffffff&#8221; _builder_version=&#8221;4.24.0&#8243; _module_preset=&#8221;default&#8221; global_colors_info=&#8221;{}&#8221; theme_builder_area=&#8221;post_content&#8221;][diti_timeline_item title=&#8221;Start&#8221; badge_type=&#8221;image&#8221; image=&#8221;https:\/\/luminussolutions.be\/wp-content\/uploads\/2021\/07\/Tijdlijn_Luminus_icoontjes_-1024&#215;1024.png&#8221; _builder_version=&#8221;4.24.0&#8243; _module_preset=&#8221;default&#8221; global_colors_info=&#8221;{}&#8221; theme_builder_area=&#8221;post_content&#8221;]<\/p>\n<p>In 1994 richt een groep gepassioneerde ingenieurs het bedrijf VMI Engineering &amp; Contracting op. De focus ligt op ononderbroken stroomvoorziening en decentrale energieopwekking voor de industrie en de gezondheidssector in Belgi\u00eb, Frankrijk en Zwitserland.<\/p>\n<p>[\/diti_timeline_item][diti_timeline_item title=&#8221;Samenwerking&#8221; badge_type=&#8221;image&#8221; image=&#8221;https:\/\/luminussolutions.be\/wp-content\/uploads\/2021\/07\/Tijdlijn_Luminus_icoontjes_2-1024&#215;1024.png&#8221; _builder_version=&#8221;4.24.0&#8243; _module_preset=&#8221;default&#8221; global_colors_info=&#8221;{}&#8221; theme_builder_area=&#8221;post_content&#8221;]<\/p>\n<p>In 2016 wordt VMI Engineering &amp; Contracting een deel van de Luminus-groep.<\/p>\n<p>In hetzelfde jaar richten Luminus en Dalkia ook Luminus Solutions op voor het ontwikkelen van \u00a0energiebesparende oplossingen voor B2B-klanten in Belgi\u00eb. Dit nieuwe bedrijf werkt nauw samen met VMI Engineering &amp; Contracting en wordt al snel toonaangevend op het vlak van energieprestatiecontracten.<\/p>\n<p>[\/diti_timeline_item][diti_timeline_item title=&#8221;\u00c9\u00e9n team&#8221; badge_type=&#8221;image&#8221; image=&#8221;https:\/\/luminussolutions.be\/wp-content\/uploads\/2021\/07\/Tijdlijn_Luminus_icoontjes_3-1024&#215;1024.png&#8221; _builder_version=&#8221;4.24.0&#8243; _module_preset=&#8221;default&#8221; global_colors_info=&#8221;{}&#8221; theme_builder_area=&#8221;post_content&#8221;]<\/p>\n<p>In 2020 gaan VMI Engineering &amp; Contracting en Luminus Solutions definitief verder als \u00e9\u00e9n team, onder de merknaam Luminus Solutions. Het bedrijf wordt zo een nog sterkere partner voor energie-uitdagingen van A tot Z.<\/p>\n<p>[\/diti_timeline_item][\/diti_timeline][\/et_pb_column][\/et_pb_row][\/et_pb_section][et_pb_section fb_built=&#8221;1&#8243; _builder_version=&#8221;4.16&#8243; _module_preset=&#8221;default&#8221; custom_padding=&#8221;0px||0px|||&#8221; global_colors_info=&#8221;{}&#8221; theme_builder_area=&#8221;post_content&#8221;][\/et_pb_section]<\/p>\n","protected":false},"excerpt":{"rendered":"<p>Onze missie Luminus Solutions gaat samen met jou de uitdaging van de energietransitie aan. Onze gepassioneerde experts ontwerpen, bouwen en onderhouden innovatieve energieoplossingen op maat. Ons motto is \u2018Your energy\u2026\u00a0 our solutions\u2019. We zorgen ervoor dat u de energieprestaties van uw gebouwen kan verbeteren en uw eigen energie kan opwekken, we decarboniseren uw industri\u00eble processen en beveiligen uw kritische processen tegen stroomstoringen. Onze hoge kwaliteits- en veiligheidsnormen staan garant voor onze prestaties en betrouwbaarheid. Bent u op zoek naar een oplossing op maat? Onze experts helpen u graag verder!Onze aanpak Iedere klant is anders\u2026 iedere oplossing dus ook. Daarom vind je bij ons geen hapklare standaard oplossingen, maar ontwikkelen wij voor jou de oplossing die het beste bij jouw noden en wensen past.Your content goes here. Edit or remove this text inline or in the module Content settings. You can also style every aspect of this content in the module Design settings and even apply custom CSS to this text in the module Advanced settings.Wij begeleiden u vanaf de haalbaarheidsstudie en de vergunning tot de bouw en maar integratie van uw nieuwe installatie in uw proces. Onze technische experts onderhouden en monitoren de goede werking van uw installatie.U kiest zelf [&hellip;]<\/p>\n","protected":false},"author":1,"featured_media":628,"parent":0,"menu_order":0,"comment_status":"closed","ping_status":"closed","template":"","meta":{"_acf_changed":false,"_et_pb_use_builder":"on","_et_pb_old_content":"","_et_gb_content_width":"","inline_featured_image":false,"iawp_total_views":1413,"footnotes":""},"class_list":["post-314","page","type-page","status-publish","has-post-thumbnail","hentry"],"acf":[],"_links":{"self":[{"href":"https:\/\/luminussolutions.be\/nl\/wp-json\/wp\/v2\/pages\/314","targetHints":{"allow":["GET"]}}],"collection":[{"href":"https:\/\/luminussolutions.be\/nl\/wp-json\/wp\/v2\/pages"}],"about":[{"href":"https:\/\/luminussolutions.be\/nl\/wp-json\/wp\/v2\/types\/page"}],"author":[{"embeddable":true,"href":"https:\/\/luminussolutions.be\/nl\/wp-json\/wp\/v2\/users\/1"}],"replies":[{"embeddable":true,"href":"https:\/\/luminussolutions.be\/nl\/wp-json\/wp\/v2\/comments?post=314"}],"version-history":[{"count":0,"href":"https:\/\/luminussolutions.be\/nl\/wp-json\/wp\/v2\/pages\/314\/revisions"}],"wp:featuredmedia":[{"embeddable":true,"href":"https:\/\/luminussolutions.be\/nl\/wp-json\/wp\/v2\/media\/628"}],"wp:attachment":[{"href":"https:\/\/luminussolutions.be\/nl\/wp-json\/wp\/v2\/media?parent=314"}],"curies":[{"name":"wp","href":"https:\/\/api.w.org\/{rel}","templated":true}]}}