{"id":8478,"date":"2024-06-04T12:55:19","date_gmt":"2024-06-04T10:55:19","guid":{"rendered":"https:\/\/luminussolutions.be\/sparks-by-luminus-solutions\/"},"modified":"2024-08-13T10:50:59","modified_gmt":"2024-08-13T08:50:59","slug":"sparks-by-luminus-solutions","status":"publish","type":"page","link":"https:\/\/luminussolutions.be\/fr\/sparks-by-luminus-solutions\/","title":{"rendered":"SPARKS by Luminus Solutions"},"content":{"rendered":"<p>[et_pb_section fb_built=\u00a0\u00bb1&Prime; _builder_version=\u00a0\u00bb4.24.2&Prime; _module_preset=\u00a0\u00bbdefault\u00a0\u00bb background_color=\u00a0\u00bb#F6F6F6&Prime; global_colors_info=\u00a0\u00bb{}\u00a0\u00bb theme_builder_area=\u00a0\u00bbpost_content\u00a0\u00bb][et_pb_row column_structure=\u00a0\u00bb2_5,3_5&Prime; _builder_version=\u00a0\u00bb4.25.1&Prime; _module_preset=\u00a0\u00bbdefault\u00a0\u00bb background_image=\u00a0\u00bbhttps:\/\/luminussolutions.be\/wp-content\/uploads\/2024\/05\/SPARKS-group-picture-scaled.jpg\u00a0\u00bb background_size=\u00a0\u00bbcustom\u00a0\u00bb background_image_width=\u00a0\u00bb60%\u00a0\u00bb background_position=\u00a0\u00bbcenter_left\u00a0\u00bb background_horizontal_offset=\u00a0\u00bb-20%\u00a0\u00bb background_last_edited=\u00a0\u00bbon|tablet\u00a0\u00bb background_enable_image_tablet=\u00a0\u00bboff\u00a0\u00bb custom_css_free_form=\u00a0\u00bb@media screen and (min-width:768px {||  selector {||  display:flex;||  align-items:center;||}||}\u00a0\u00bb global_colors_info=\u00a0\u00bb{}\u00a0\u00bb theme_builder_area=\u00a0\u00bbpost_content\u00a0\u00bb][et_pb_column type=\u00a0\u00bb2_5&Prime; _builder_version=\u00a0\u00bb4.25.1&Prime; _module_preset=\u00a0\u00bbdefault\u00a0\u00bb global_colors_info=\u00a0\u00bb{}\u00a0\u00bb custom_css_main_element_last_edited=\u00a0\u00bbon|tablet\u00a0\u00bb custom_css_main_element_tablet=\u00a0\u00bbpadding-bottom:0px;||margin-bottom:0px;\u00a0\u00bb custom_css_main_element_phone=\u00a0\u00bbpadding-bottom:0px;||margin-bottom:0px;\u00a0\u00bb theme_builder_area=\u00a0\u00bbpost_content\u00a0\u00bb][et_pb_image src=\u00a0\u00bbhttps:\/\/luminussolutions.be\/wp-content\/uploads\/2024\/05\/SPARKS-group-picture-1024&#215;485.jpg\u00a0\u00bb title_text=\u00a0\u00bbSPARKS group picture\u00a0\u00bb show_bottom_space=\u00a0\u00bboff\u00a0\u00bb disabled_on=\u00a0\u00bboff|off|on\u00a0\u00bb _builder_version=\u00a0\u00bb4.25.1&Prime; _module_preset=\u00a0\u00bbdefault\u00a0\u00bb custom_padding=\u00a0\u00bb||0px||false|false\u00a0\u00bb border_radii=\u00a0\u00bboff|10px|10px||\u00a0\u00bb global_colors_info=\u00a0\u00bb{}\u00a0\u00bb theme_builder_area=\u00a0\u00bbpost_content\u00a0\u00bb][\/et_pb_image][\/et_pb_column][et_pb_column type=\u00a0\u00bb3_5&Prime; _builder_version=\u00a0\u00bb4.25.1&Prime; _module_preset=\u00a0\u00bbdefault\u00a0\u00bb background_color=\u00a0\u00bb#001A70&Prime; custom_padding=\u00a0\u00bb2rem|30px|2rem|30px|true|true\u00a0\u00bb custom_padding_tablet=\u00a0\u00bb2rem||2rem||true|true\u00a0\u00bb custom_padding_phone=\u00a0\u00bb2rem||2rem||true|true\u00a0\u00bb custom_padding_last_edited=\u00a0\u00bbon|tablet\u00a0\u00bb border_radii=\u00a0\u00bbon|10px|10px|10px|10px\u00a0\u00bb border_radii_tablet=\u00a0\u00bboff|0px|0px||10px\u00a0\u00bb border_radii_phone=\u00a0\u00bboff|0px|0px||10px\u00a0\u00bb border_radii_last_edited=\u00a0\u00bbon|desktop\u00a0\u00bb global_colors_info=\u00a0\u00bb{}\u00a0\u00bb custom_padding__hover_enabled=\u00a0\u00bboff|desktop\u00a0\u00bb theme_builder_area=\u00a0\u00bbpost_content\u00a0\u00bb][et_pb_text _builder_version=\u00a0\u00bb4.25.1&Prime; _module_preset=\u00a0\u00bbdefault\u00a0\u00bb global_colors_info=\u00a0\u00bb{}\u00a0\u00bb theme_builder_area=\u00a0\u00bbpost_content\u00a0\u00bb]<\/p>\n<h2><span style=\"color: #ffffff;\">SPARKS &#8211; Jeudi 8 Ao\u00fbt 2024\u00a0<\/span><\/h2>\n<p style=\"color: #ffffff;\">Un \u00e9v\u00e9nement after-work inspirant pour les ing\u00e9nieurs et techniciens qui souhaitent ressentir l&rsquo;\u00e9tincelle de la transition \u00e9nerg\u00e9tique et embarquer avec nous pour un voyage scintillant ! <\/p>\n<h4><span style=\"color: #ffffff;\">Date : jeudi 8 ao\u00fbt<\/span><\/h4>\n<h4><span style=\"color: #ffffff;\">Accueil: \u00c0 partir de 17h (heure de fin flexible)<\/span><\/h4>\n<p>[\/et_pb_text][et_pb_button button_url=\u00a0\u00bbhttps:\/\/forms.office.com\/Pages\/ResponsePage.aspx?id=0XhK244Zs0WF69C1OfAZ2TNlsGK1DvpPiiws830f6GxURFBPVzFCSzZWUUVBOVU0S0Y0NTdFQTE2WC4u\u00a0\u00bb url_new_window=\u00a0\u00bbon\u00a0\u00bb button_text=\u00a0\u00bbJe souhaite m&apos;inscrire\u00a0\u00bb module_class=\u00a0\u00bbet_pb_button_psuedo_icon\u00a0\u00bb _builder_version=\u00a0\u00bb4.25.1&Prime; _module_preset=\u00a0\u00bbdefault\u00a0\u00bb custom_button=\u00a0\u00bbon\u00a0\u00bb button_icon=\u00a0\u00bb&#x24;||divi||400&Prime; button_icon_color=\u00a0\u00bb#F6F6F6&Prime; button_on_hover=\u00a0\u00bboff\u00a0\u00bb global_colors_info=\u00a0\u00bb{}\u00a0\u00bb button_bg_color__hover_enabled=\u00a0\u00bbon|hover\u00a0\u00bb button_bg_color__hover=\u00a0\u00bb#F15A22&Prime; button_bg_enable_color__hover=\u00a0\u00bbon\u00a0\u00bb theme_builder_area=\u00a0\u00bbpost_content\u00a0\u00bb][\/et_pb_button][\/et_pb_column][\/et_pb_row][et_pb_row column_structure=\u00a0\u00bb1_2,1_2&Prime; _builder_version=\u00a0\u00bb4.25.1&Prime; _module_preset=\u00a0\u00bbdefault\u00a0\u00bb global_colors_info=\u00a0\u00bb{}\u00a0\u00bb theme_builder_area=\u00a0\u00bbpost_content\u00a0\u00bb][et_pb_column type=\u00a0\u00bb1_2&Prime; module_class=\u00a0\u00bbcolumn-inspiration-corner\u00a0\u00bb _builder_version=\u00a0\u00bb4.25.1&Prime; _module_preset=\u00a0\u00bbdefault\u00a0\u00bb global_colors_info=\u00a0\u00bb{}\u00a0\u00bb theme_builder_area=\u00a0\u00bbpost_content\u00a0\u00bb][et_pb_heading title=\u00a0\u00bbPr\u00e9sentateurs\u00a0\u00bb disabled_on=\u00a0\u00bbon|on|on\u00a0\u00bb _builder_version=\u00a0\u00bb4.25.1&Prime; _module_preset=\u00a0\u00bbdefault\u00a0\u00bb title_level=\u00a0\u00bbh2&Prime; global_colors_info=\u00a0\u00bb{}\u00a0\u00bb theme_builder_area=\u00a0\u00bbpost_content\u00a0\u00bb][\/et_pb_heading][et_pb_team_member name=\u00a0\u00bbPr\u00e9sentateur #1&Prime; position=\u00a0\u00bbTitre\u00a0\u00bb image_url=\u00a0\u00bbhttps:\/\/luminussolutions.be\/wp-content\/uploads\/2024\/02\/Industrial-engineer-maintenance-manager-3.png\u00a0\u00bb disabled_on=\u00a0\u00bbon|on|on\u00a0\u00bb _builder_version=\u00a0\u00bb4.25.1&Prime; _module_preset=\u00a0\u00bbdefault\u00a0\u00bb text_orientation=\u00a0\u00bbleft\u00a0\u00bb custom_css_member_image=\u00a0\u00bbmax-width:150px;||float:left;||margin-right:2ch;\u00a0\u00bb border_radii_image=\u00a0\u00bbon|1000px|1000px|1000px|1000px\u00a0\u00bb global_colors_info=\u00a0\u00bb{}\u00a0\u00bb theme_builder_area=\u00a0\u00bbpost_content\u00a0\u00bb]<\/p>\n<p>Voici un mot sur la session que cet orateur va donner.<\/p>\n<p>[\/et_pb_team_member][et_pb_team_member name=\u00a0\u00bbPr\u00e9sentateur #2&Prime; position=\u00a0\u00bbTitre\u00a0\u00bb image_url=\u00a0\u00bbhttps:\/\/luminussolutions.be\/wp-content\/uploads\/2024\/02\/Industrial-engineer-maintenance-manager-3.png\u00a0\u00bb disabled_on=\u00a0\u00bbon|on|on\u00a0\u00bb _builder_version=\u00a0\u00bb4.25.1&Prime; _module_preset=\u00a0\u00bbdefault\u00a0\u00bb text_orientation=\u00a0\u00bbleft\u00a0\u00bb custom_css_member_image=\u00a0\u00bbmax-width:150px;||float:left;||margin-right:2ch;\u00a0\u00bb border_radii_image=\u00a0\u00bbon|1000px|1000px|1000px|1000px\u00a0\u00bb global_colors_info=\u00a0\u00bb{}\u00a0\u00bb theme_builder_area=\u00a0\u00bbpost_content\u00a0\u00bb]<\/p>\n<p>Voici un mot sur la session que cet orateur va donner.<\/p>\n<p>[\/et_pb_team_member][et_pb_heading title=\u00a0\u00bbInspiration corners\u00a0\u00bb _builder_version=\u00a0\u00bb4.25.1&Prime; _module_preset=\u00a0\u00bbdefault\u00a0\u00bb title_level=\u00a0\u00bbh2&Prime; global_colors_info=\u00a0\u00bb{}\u00a0\u00bb theme_builder_area=\u00a0\u00bbpost_content\u00a0\u00bb][\/et_pb_heading][et_pb_text _builder_version=\u00a0\u00bb4.25.1&Prime; _module_preset=\u00a0\u00bbdefault\u00a0\u00bb global_colors_info=\u00a0\u00bb{}\u00a0\u00bb theme_builder_area=\u00a0\u00bbpost_content\u00a0\u00bb]<\/p>\n<p>D\u00e9couvrez nos coins d&rsquo;inspiration. Nous vous invitons \u00e0 un voyage scintillant autour de sujets tels que :\u00a0<\/p>\n<p>[\/et_pb_text][et_pb_blurb title=\u00a0\u00bbD\u00e9carbonisation industrielle\u00a0\u00bb use_icon=\u00a0\u00bbon\u00a0\u00bb font_icon=\u00a0\u00bb&#xf275;||fa||900&Prime; icon_color=\u00a0\u00bb#001A70&Prime; image_icon_background_color=\u00a0\u00bbRGBA(255,255,255,0)\u00a0\u00bb module_class=\u00a0\u00bbblurb-inspiration-corner\u00a0\u00bb _builder_version=\u00a0\u00bb4.25.1&Prime; _module_preset=\u00a0\u00bbdefault\u00a0\u00bb background_enable_color=\u00a0\u00bboff\u00a0\u00bb text_orientation=\u00a0\u00bbcenter\u00a0\u00bb global_colors_info=\u00a0\u00bb{}\u00a0\u00bb theme_builder_area=\u00a0\u00bbpost_content\u00a0\u00bb]<\/p>\n<p>Une feuille de route pour une production de chaleur durable<\/p>\n<p>[\/et_pb_blurb][et_pb_blurb title=\u00a0\u00bbPerformance \u00e9nerg\u00e9tique des b\u00e2timents\u00a0\u00bb use_icon=\u00a0\u00bbon\u00a0\u00bb font_icon=\u00a0\u00bb&#xe0ef;||divi||400&Prime; icon_color=\u00a0\u00bb#001A70&Prime; image_icon_background_color=\u00a0\u00bbRGBA(255,255,255,0)\u00a0\u00bb module_class=\u00a0\u00bbblurb-inspiration-corner\u00a0\u00bb _builder_version=\u00a0\u00bb4.25.1&Prime; _module_preset=\u00a0\u00bbdefault\u00a0\u00bb background_enable_color=\u00a0\u00bboff\u00a0\u00bb text_orientation=\u00a0\u00bbcenter\u00a0\u00bb global_colors_info=\u00a0\u00bb{}\u00a0\u00bb theme_builder_area=\u00a0\u00bbpost_content\u00a0\u00bb]<\/p>\n<p>B\u00e2timents durables avec des installations \u00e9nerg\u00e9tiques performantes<\/p>\n<p>[\/et_pb_blurb][et_pb_blurb title=\u00a0\u00bbAlimentation \u00e9lectrique de qualit\u00e9\u00a0\u00bb use_icon=\u00a0\u00bbon\u00a0\u00bb font_icon=\u00a0\u00bb&#xf0e7;||fa||900&Prime; icon_color=\u00a0\u00bb#001A70&Prime; image_icon_background_color=\u00a0\u00bbRGBA(255,255,255,0)\u00a0\u00bb module_class=\u00a0\u00bbblurb-inspiration-corner\u00a0\u00bb _builder_version=\u00a0\u00bb4.25.1&Prime; _module_preset=\u00a0\u00bbdefault\u00a0\u00bb background_enable_color=\u00a0\u00bboff\u00a0\u00bb text_orientation=\u00a0\u00bbcenter\u00a0\u00bb global_colors_info=\u00a0\u00bb{}\u00a0\u00bb theme_builder_area=\u00a0\u00bbpost_content\u00a0\u00bb]<\/p>\n<p>Alimentation ininterrompue pour les processus critiques<\/p>\n<p>[\/et_pb_blurb][et_pb_blurb title=\u00a0\u00bbOpportunit\u00e9s de carri\u00e8res\u00a0\u00bb use_icon=\u00a0\u00bbon\u00a0\u00bb font_icon=\u00a0\u00bb&#xf0c0;||fa||900&Prime; icon_color=\u00a0\u00bb#001A70&Prime; image_icon_background_color=\u00a0\u00bbRGBA(255,255,255,0)\u00a0\u00bb module_class=\u00a0\u00bbblurb-inspiration-corner\u00a0\u00bb _builder_version=\u00a0\u00bb4.25.1&Prime; _module_preset=\u00a0\u00bbdefault\u00a0\u00bb background_enable_color=\u00a0\u00bboff\u00a0\u00bb text_orientation=\u00a0\u00bbcenter\u00a0\u00bb global_colors_info=\u00a0\u00bb{}\u00a0\u00bb theme_builder_area=\u00a0\u00bbpost_content\u00a0\u00bb]<\/p>\n<p>Un travail plein d&rsquo;\u00e9nergie ? Vous le trouverez ici !<\/p>\n<p>[\/et_pb_blurb][\/et_pb_column][et_pb_column type=\u00a0\u00bb1_2&Prime; _builder_version=\u00a0\u00bb4.25.1&Prime; _module_preset=\u00a0\u00bbdefault\u00a0\u00bb global_colors_info=\u00a0\u00bb{}\u00a0\u00bb theme_builder_area=\u00a0\u00bbpost_content\u00a0\u00bb][et_pb_heading title=\u00a0\u00bbInformations pratiques\u00a0\u00bb _builder_version=\u00a0\u00bb4.25.1&Prime; _module_preset=\u00a0\u00bbdefault\u00a0\u00bb title_level=\u00a0\u00bbh2&Prime; global_colors_info=\u00a0\u00bb{}\u00a0\u00bb theme_builder_area=\u00a0\u00bbpost_content\u00a0\u00bb][\/et_pb_heading][et_pb_code _builder_version=\u00a0\u00bb4.25.1&Prime; _module_preset=\u00a0\u00bbdefault\u00a0\u00bb global_colors_info=\u00a0\u00bb{}\u00a0\u00bb theme_builder_area=\u00a0\u00bbpost_content\u00a0\u00bb]<pee>\n<style><!-- [et_pb_line_break_holder] --> table.praktisch th, table.praktisch td {<!-- [et_pb_line_break_holder] --> border-bottom:1px solid rgba(0,0,0,0,0.1);< ! -- [et_pb_line_break_holder] --> padding-top:1rem;<!-- [et_pb_line_break_holder] --> padding-bottom:0.5rem;<!-- [et_pb_line_break_holder] --> vertical-align:center;< ! -- [et_pb_line_break_holder] --> }<!-- [et_pb_line_break_holder] --><!-- [et_pb_line_break_holder] --> table.praktisch h4 {< ! -- [et_pb_line_break_holder] --> padding-bottom:0;<!-- [et_pb_line_break_holder] --> }<!-- [et_pb_line_break_holder] --><!-- [et_pb_line_break_holder] --><\/style>\n<\/pee>\n<!-- [et_pb_line_break_holder] --><\/p>\n<table class=\"praktisch\" style=\"width : 100% ; border-collapse : collapse ; border-style : none ;\" border=\"0\"><!-- [et_pb_line_break_holder] --><\/p>\n<tbody><!-- [et_pb_line_break_holder] --><\/p>\n<tr><!-- [et_pb_line_break_holder] --><\/p>\n<td style=\"width : 40% ;\"><!-- [et_pb_line_break_holder] --><\/p>\n<h4>Date<\/h4>\n<p><!-- [et_pb_line_break_holder] --><\/td>\n<p><!-- [et_pb_line_break_holder] --><\/p>\n<td style=\"width : 60% ;\">Jeudi 8 ao\u00fbt \u00e0 partir de 17h   <\/td>\n<p><!-- [et_pb_line_break_holder] --><\/tr>\n<p><!-- [et_pb_line_break_holder] --><\/p>\n<tr><!-- [et_pb_line_break_holder] --><\/p>\n<td style=\"width : 40% ;\"><!-- [et_pb_line_break_holder] --><\/p>\n<h4>Langue<\/h4>\n<p><!-- [et_pb_line_break_holder] --><\/td>\n<p><!-- [et_pb_line_break_holder] --><\/p>\n<td style=\"width : 60% ;\">N\u00e9erlandais et fran\u00e7ais<\/td>\n<p><!-- [et_pb_line_break_holder] --><\/tr>\n<p><!-- [et_pb_line_break_holder] --><\/p>\n<tr><!-- [et_pb_line_break_holder] --><\/p>\n<td style=\"width : 40% ;\"><!-- [et_pb_line_break_holder] --><\/p>\n<h4>Programme<\/h4>\n<p><!-- [et_pb_line_break_holder] --><\/td>\n<p><!-- [et_pb_line_break_holder] --><\/p>\n<td style=\"width : 60% ;\">Acceuil entre 17h00 et 18h00<!\u2013- [et_pb_br_holder] -\u2013><!\u2013- [et_pb_br_holder] -\u2013>Visite guid\u00e9e de nos coins d&rsquo;inspiration<!\u2013- [et_pb_br_holder] -\u2013><!\u2013- [et_pb_br_holder] -\u2013>Pour conclure, une conversation conviviale avec nos coll\u00e8gues autour d&rsquo;une boisson p\u00e9tillante<\/td>\n<p><!-- [et_pb_line_break_holder] --><\/tr>\n<p><!-- [et_pb_line_break_holder] --><\/p>\n<tr><!-- [et_pb_line_break_holder] --><\/p>\n<td style=\"width : 40% ;\"><!-- [et_pb_line_break_holder] --><\/p>\n<h4>Participation<\/h4>\n<p><!-- [et_pb_line_break_holder] --><\/td>\n<p><!-- [et_pb_line_break_holder] --><\/p>\n<td style=\"width : 60% ;\">Gratuite sur inscription<\/td>\n<p><!-- [et_pb_line_break_holder] --><\/tr>\n<p><!-- [et_pb_line_break_holder] --><\/p>\n<tr><!-- [et_pb_line_break_holder] --><\/p>\n<td style=\"width : 40% ;\"><!-- [et_pb_line_break_holder] --><\/p>\n<h4>Pour qui?<\/h4>\n<p><!-- [et_pb_line_break_holder] --><\/td>\n<p><!-- [et_pb_line_break_holder] --><\/p>\n<td style=\"width : 60% ;\">Pour tous les ing\u00e9nieurs et techniciens \u00e0 la recherche de nouveaux d\u00e9fis ou simplement int\u00e9ress\u00e9s par la transition \u00e9nerg\u00e9tique et la d\u00e9carbonisation !   <\/td>\n<p><!-- [et_pb_line_break_holder] --><\/tr>\n<p><!-- [et_pb_line_break_holder] --><\/tbody>\n<p><!-- [et_pb_line_break_holder] --><\/table>\n<p>[\/et_pb_code][\/et_pb_column][\/et_pb_row][\/et_pb_section][et_pb_section fb_built=\u00a0\u00bb1&Prime; _builder_version=\u00a0\u00bb4.25.1&Prime; _module_preset=\u00a0\u00bbdefault\u00a0\u00bb background_color=\u00a0\u00bbRGBA(255,255,255,0)\u00a0\u00bb global_colors_info=\u00a0\u00bb{}\u00a0\u00bb theme_builder_area=\u00a0\u00bbpost_content\u00a0\u00bb][et_pb_row _builder_version=\u00a0\u00bb4.24.2&Prime; _module_preset=\u00a0\u00bbdefault\u00a0\u00bb global_colors_info=\u00a0\u00bb{}\u00a0\u00bb theme_builder_area=\u00a0\u00bbpost_content\u00a0\u00bb][et_pb_column type=\u00a0\u00bb4_4&Prime; _builder_version=\u00a0\u00bb4.24.2&Prime; _module_preset=\u00a0\u00bbdefault\u00a0\u00bb global_colors_info=\u00a0\u00bb{}\u00a0\u00bb theme_builder_area=\u00a0\u00bbpost_content\u00a0\u00bb][et_pb_heading title=\u00a0\u00bbLet yourself be in-SPARK-ed by Luminus Solutions\u00a0\u00bb _builder_version=\u00a0\u00bb4.25.1&Prime; _module_preset=\u00a0\u00bbdefault\u00a0\u00bb title_level=\u00a0\u00bbh2&Prime; global_colors_info=\u00a0\u00bb{}\u00a0\u00bb theme_builder_area=\u00a0\u00bbpost_content\u00a0\u00bb][\/et_pb_heading][et_pb_text _builder_version=\u00a0\u00bb4.25.1&Prime; _module_preset=\u00a0\u00bbdefault\u00a0\u00bb global_colors_info=\u00a0\u00bb{}\u00a0\u00bb theme_builder_area=\u00a0\u00bbpost_content\u00a0\u00bb]<\/p>\n<p>SPARKS est un \u00e9v\u00e9nement after-work \u00e0 petite \u00e9chelle pour les ing\u00e9nieurs (et techniciens) d\u00e9sireux d&rsquo;en savoir plus sur la transition \u00e9nerg\u00e9tique et la d\u00e9carbonisation. Venez d\u00e9couvrir de nouveaux d\u00e9fis et opportunit\u00e9s dans ces domaines et laissez-vous inspirer par notre \u00e9quipe dans une ambiance informelle avec un en-cas et une boisson.<\/p>\n<p>[\/et_pb_text][et_pb_button button_url=\u00a0\u00bbhttps:\/\/forms.office.com\/Pages\/ResponsePage.aspx?id=0XhK244Zs0WF69C1OfAZ2TNlsGK1DvpPiiws830f6GxURFBPVzFCSzZWUUVBOVU0S0Y0NTdFQTE2WC4u\u00a0\u00bb url_new_window=\u00a0\u00bbon\u00a0\u00bb button_text=\u00a0\u00bbJe souhaite m&apos;inscrire\u00a0\u00bb button_alignment=\u00a0\u00bbright\u00a0\u00bb module_class=\u00a0\u00bbet_pb_button_psuedo_icon\u00a0\u00bb _builder_version=\u00a0\u00bb4.25.1&Prime; _module_preset=\u00a0\u00bbdefault\u00a0\u00bb custom_button=\u00a0\u00bbon\u00a0\u00bb button_icon=\u00a0\u00bb&#x24;||divi||400&Prime; button_on_hover=\u00a0\u00bboff\u00a0\u00bb locked=\u00a0\u00bboff\u00a0\u00bb global_colors_info=\u00a0\u00bb{}\u00a0\u00bb button_bg_color__hover_enabled=\u00a0\u00bbon|hover\u00a0\u00bb button_bg_color__hover=\u00a0\u00bb#F15A22&Prime; button_bg_enable_color__hover=\u00a0\u00bbon\u00a0\u00bb theme_builder_area=\u00a0\u00bbpost_content\u00a0\u00bb][\/et_pb_button][\/et_pb_column][\/et_pb_row][\/et_pb_section]<\/p>\n","protected":false},"excerpt":{"rendered":"<p>SPARKS &#8211; Jeudi 8 Ao\u00fbt 2024\u00a0 Un \u00e9v\u00e9nement after-work inspirant pour les ing\u00e9nieurs et techniciens qui souhaitent ressentir l&rsquo;\u00e9tincelle de la transition \u00e9nerg\u00e9tique et embarquer avec nous pour un voyage scintillant ! Date : jeudi 8 ao\u00fbt Accueil: \u00c0 partir de 17h (heure de fin flexible)Voici un mot sur la session que cet orateur va donner.Voici un mot sur la session que cet orateur va donner.D\u00e9couvrez nos coins d&rsquo;inspiration. Nous vous invitons \u00e0 un voyage scintillant autour de sujets tels que :\u00a0Une feuille de route pour une production de chaleur durableB\u00e2timents durables avec des installations \u00e9nerg\u00e9tiques performantesAlimentation ininterrompue pour les processus critiquesUn travail plein d&rsquo;\u00e9nergie ? Vous le trouverez ici !SPARKS est un \u00e9v\u00e9nement after-work \u00e0 petite \u00e9chelle pour les ing\u00e9nieurs (et techniciens) d\u00e9sireux d&rsquo;en savoir plus sur la transition \u00e9nerg\u00e9tique et la d\u00e9carbonisation. Venez d\u00e9couvrir de nouveaux d\u00e9fis et opportunit\u00e9s dans ces domaines et laissez-vous inspirer par notre \u00e9quipe dans une ambiance informelle avec un en-cas et une boisson.<\/p>\n","protected":false},"author":1,"featured_media":8330,"parent":0,"menu_order":0,"comment_status":"closed","ping_status":"closed","template":"","meta":{"_acf_changed":false,"_et_pb_use_builder":"on","_et_pb_old_content":"","_et_gb_content_width":"","inline_featured_image":false,"iawp_total_views":95,"footnotes":""},"class_list":["post-8478","page","type-page","status-publish","has-post-thumbnail","hentry"],"acf":[],"_links":{"self":[{"href":"https:\/\/luminussolutions.be\/fr\/wp-json\/wp\/v2\/pages\/8478","targetHints":{"allow":["GET"]}}],"collection":[{"href":"https:\/\/luminussolutions.be\/fr\/wp-json\/wp\/v2\/pages"}],"about":[{"href":"https:\/\/luminussolutions.be\/fr\/wp-json\/wp\/v2\/types\/page"}],"author":[{"embeddable":true,"href":"https:\/\/luminussolutions.be\/fr\/wp-json\/wp\/v2\/users\/1"}],"replies":[{"embeddable":true,"href":"https:\/\/luminussolutions.be\/fr\/wp-json\/wp\/v2\/comments?post=8478"}],"version-history":[{"count":0,"href":"https:\/\/luminussolutions.be\/fr\/wp-json\/wp\/v2\/pages\/8478\/revisions"}],"wp:featuredmedia":[{"embeddable":true,"href":"https:\/\/luminussolutions.be\/fr\/wp-json\/wp\/v2\/media\/8330"}],"wp:attachment":[{"href":"https:\/\/luminussolutions.be\/fr\/wp-json\/wp\/v2\/media?parent=8478"}],"curies":[{"name":"wp","href":"https:\/\/api.w.org\/{rel}","templated":true}]}}