{"id":2157,"date":"2021-03-17T01:40:46","date_gmt":"2021-03-17T00:40:46","guid":{"rendered":"https:\/\/luminussolutions.be\/contactez-nous\/"},"modified":"2024-04-16T14:48:39","modified_gmt":"2024-04-16T12:48:39","slug":"contactez-nous","status":"publish","type":"page","link":"https:\/\/luminussolutions.be\/fr\/contactez-nous\/","title":{"rendered":"Nous contacter"},"content":{"rendered":"<p>[et_pb_section fb_built=\u00a0\u00bb1&Prime; _builder_version=\u00a0\u00bb4.24.2&Prime; _module_preset=\u00a0\u00bbdefault\u00a0\u00bb background_color=\u00a0\u00bb#001A70&Prime; global_colors_info=\u00a0\u00bb{}\u00a0\u00bb theme_builder_area=\u00a0\u00bbpost_content\u00a0\u00bb][et_pb_row _builder_version=\u00a0\u00bb4.24.2&Prime; _module_preset=\u00a0\u00bbdefault\u00a0\u00bb global_colors_info=\u00a0\u00bb{}\u00a0\u00bb theme_builder_area=\u00a0\u00bbpost_content\u00a0\u00bb][et_pb_column type=\u00a0\u00bb4_4&Prime; _builder_version=\u00a0\u00bb4.24.2&Prime; _module_preset=\u00a0\u00bbdefault\u00a0\u00bb global_colors_info=\u00a0\u00bb{}\u00a0\u00bb theme_builder_area=\u00a0\u00bbpost_content\u00a0\u00bb][et_pb_text _builder_version=\u00a0\u00bb4.24.2&Prime; _module_preset=\u00a0\u00bbdefault\u00a0\u00bb global_colors_info=\u00a0\u00bb{}\u00a0\u00bb theme_builder_area=\u00a0\u00bbpost_content\u00a0\u00bb]<\/p>\n<h2 style=\"text-align: center;\"><span style=\"color: #ffffff;\">? Informations pour les particuliers ?<\/span><\/h2>\n<p style=\"text-align: center; color: #ffffff;\">Luminus Solutions est un prestataire de services pour les entreprises.<\/p>\n<p style=\"text-align: center; color: #ffffff;\">Vous cherchez les coordonn\u00e9es de Luminus, concernant une question sur votre facture d&rsquo;\u00e9lectricit\u00e9 ou votre raccordement au gaz ? Dans ce cas, nous vous renvoyons au site web de Luminus o\u00f9 vous trouverez toutes les coordonn\u00e9es n\u00e9cessaires. <a style=\"color: #ffffff;\" href=\"https:\/\/www.luminus.be\/fr\/particuliers\/aide-et-support\/#:~:text=appelez\">Cliquez ici pour acc\u00e9der au site web de Luminus pour les particuliers<\/a><\/p>\n<p>[\/et_pb_text][\/et_pb_column][\/et_pb_row][\/et_pb_section][et_pb_section fb_built=\u00a0\u00bb1&Prime; _builder_version=\u00a0\u00bb4.16&Prime; _module_preset=\u00a0\u00bbdefault\u00a0\u00bb custom_padding=\u00a0\u00bb||8px|||\u00a0\u00bb global_colors_info=\u00a0\u00bb{}\u00a0\u00bb theme_builder_area=\u00a0\u00bbpost_content\u00a0\u00bb][et_pb_row column_structure=\u00a0\u00bb3_5,2_5&Prime; _builder_version=\u00a0\u00bb4.16&Prime; _module_preset=\u00a0\u00bbdefault\u00a0\u00bb min_height=\u00a0\u00bb95px\u00a0\u00bb custom_padding=\u00a0\u00bb0px||0px||false|false\u00a0\u00bb global_colors_info=\u00a0\u00bb{}\u00a0\u00bb theme_builder_area=\u00a0\u00bbpost_content\u00a0\u00bb][et_pb_column type=\u00a0\u00bb3_5&Prime; _builder_version=\u00a0\u00bb4.16&Prime; _module_preset=\u00a0\u00bbdefault\u00a0\u00bb global_colors_info=\u00a0\u00bb{}\u00a0\u00bb theme_builder_area=\u00a0\u00bbpost_content\u00a0\u00bb][et_pb_code _builder_version=\u00a0\u00bb4.24.3&Prime; _module_preset=\u00a0\u00bbdefault\u00a0\u00bb hover_enabled=\u00a0\u00bb0&Prime; global_colors_info=\u00a0\u00bb{}\u00a0\u00bb theme_builder_area=\u00a0\u00bbpost_content\u00a0\u00bb sticky_enabled=\u00a0\u00bb0&Prime;]\n<div class=\"wpcf7 no-js\" id=\"wpcf7-f7685-o1\" lang=\"fr-FR\" dir=\"ltr\" data-wpcf7-id=\"7685\">\n<div class=\"screen-reader-response\"><p role=\"status\" aria-live=\"polite\" aria-atomic=\"true\"><\/p> <ul><\/ul><\/div>\n<form action=\"\/fr\/wp-json\/wp\/v2\/pages\/2157#wpcf7-f7685-o1\" method=\"post\" class=\"wpcf7-form init\" id=\"contactForm\" aria-label=\"Formulaire de contact\" novalidate=\"novalidate\" data-status=\"init\">\n<fieldset class=\"hidden-fields-container\"><input type=\"hidden\" name=\"_wpcf7\" value=\"7685\" \/><input type=\"hidden\" name=\"_wpcf7_version\" value=\"6.1.5\" \/><input type=\"hidden\" name=\"_wpcf7_locale\" value=\"fr_FR\" \/><input type=\"hidden\" name=\"_wpcf7_unit_tag\" value=\"wpcf7-f7685-o1\" \/><input type=\"hidden\" name=\"_wpcf7_container_post\" value=\"0\" \/><input type=\"hidden\" name=\"_wpcf7_posted_data_hash\" value=\"\" \/>\n<\/fieldset>\n<div class=\"wpcf7-turnstile cf-turnstile\" data-sitekey=\"0x4AAAAAACTpmX15eIihsLhZ\" data-response-field-name=\"_wpcf7_turnstile_response\"><\/div>\n\n<div class=\"wpcf7-contact-detail-fields\">\r\n<label> Nom*\r\n    <span class=\"wpcf7-form-control-wrap\" data-name=\"your-name\"><input size=\"40\" maxlength=\"400\" class=\"wpcf7-form-control wpcf7-text wpcf7-validates-as-required\" autocomplete=\"name\" aria-required=\"true\" aria-invalid=\"false\" placeholder=\"Votre nom\" value=\"\" type=\"text\" name=\"your-name\" \/><\/span> <\/label>\r\n\r\n<label> Soci\u00e9t\u00e9*\r\n    <span class=\"wpcf7-form-control-wrap\" data-name=\"your-company\"><input size=\"40\" maxlength=\"400\" class=\"wpcf7-form-control wpcf7-text wpcf7-validates-as-required\" autocomplete=\"organization\" aria-required=\"true\" aria-invalid=\"false\" placeholder=\"Votre soci\u00e9t\u00e9\" value=\"\" type=\"text\" name=\"your-company\" \/><\/span> <\/label>\r\n\r\n<label> Adresse e-mail*\r\n    <span class=\"wpcf7-form-control-wrap\" data-name=\"your-email\"><input size=\"40\" maxlength=\"400\" class=\"wpcf7-form-control wpcf7-email wpcf7-validates-as-required wpcf7-text wpcf7-validates-as-email\" autocomplete=\"email\" aria-required=\"true\" aria-invalid=\"false\" placeholder=\"Votre adresse e-mail professionelle\" value=\"\" type=\"email\" name=\"your-email\" \/><\/span> <\/label>\r\n\r\n<label> T\u00e9l\u00e9phone*\r\n<span class=\"wpcf7-form-control-wrap\" data-name=\"your-tel\"><input size=\"40\" maxlength=\"400\" class=\"wpcf7-form-control wpcf7-tel wpcf7-validates-as-required wpcf7-text wpcf7-validates-as-tel\" autocomplete=\"tel\" aria-required=\"true\" aria-invalid=\"false\" placeholder=\"Votre num\u00e9ro de t\u00e9l\u00e9phone\" value=\"\" type=\"tel\" name=\"your-tel\" \/><\/span><\/label>\r\n<\/div>\r\n\r\n<label> Int\u00e9ress\u00e9 dans* \r\n    <span class=\"wpcf7-form-control-wrap dsm-contact-form-7-select\" data-name=\"your-subject\"><select class=\"wpcf7-form-control wpcf7-select wpcf7-validates-as-required et_pb_contact_select input\" aria-required=\"true\" aria-invalid=\"false\" name=\"your-subject\"><option value=\"Plus d&#039;infos sur les \u00e9conomies d&#039;\u00e9nergie\">Plus d&#039;infos sur les \u00e9conomies d&#039;\u00e9nergie<\/option><option value=\"Plus d&#039;infos sur la s\u00e9curisation de l&#039;\u00e9nergie\">Plus d&#039;infos sur la s\u00e9curisation de l&#039;\u00e9nergie<\/option><option value=\"Plus d&#039;infos sur la gestion de l&#039;\u00e9nergie\">Plus d&#039;infos sur la gestion de l&#039;\u00e9nergie<\/option><option value=\"Une demande d&#039;offre\">Une demande d&#039;offre<\/option><option value=\"Une offre d&#039;emploi\">Une offre d&#039;emploi<\/option><option value=\"Autre\">Autre<\/option><\/select><\/span> <\/label>.\r\n\r\n<label> Message\r\n    <span class=\"wpcf7-form-control-wrap\" data-name=\"your-message\"><textarea cols=\"40\" rows=\"10\" maxlength=\"2000\" class=\"wpcf7-form-control wpcf7-textarea\" aria-invalid=\"false\" placeholder=\"Votre message pour nous?\" name=\"your-message\"><\/textarea><\/span> <\/label>\r\n\r\n<input class=\"wpcf7-form-control wpcf7-hidden\" id=\"utm_source\" value=\"\" type=\"hidden\" name=\"utm_source\" \/>\r\n<input class=\"wpcf7-form-control wpcf7-hidden\" id=\"utm_medium\" value=\"\" type=\"hidden\" name=\"utm_medium\" \/>\r\n<input class=\"wpcf7-form-control wpcf7-hidden\" id=\"utm_campaign\" value=\"\" type=\"hidden\" name=\"utm_campaign\" \/>\r\n<input class=\"wpcf7-form-control wpcf7-hidden\" id=\"gclid\" value=\"\" type=\"hidden\" name=\"gclid\" \/>\r\n<input class=\"wpcf7-form-control wpcf7-hidden\" id=\"fbclid\" value=\"\" type=\"hidden\" name=\"fbclid\" \/>\r\n<input class=\"wpcf7-form-control wpcf7-hidden\" id=\"first_session_data\" value=\"\" type=\"hidden\" name=\"first_session_data\" \/>\r\n<input class=\"wpcf7-form-control wpcf7-hidden\" id=\"session_count\" value=\"\" type=\"hidden\" name=\"session_count\" \/>\r\n<input class=\"wpcf7-form-control wpcf7-hidden\" id=\"conversion_session\" value=\"\" type=\"hidden\" name=\"conversion_session\" \/>\r\n\r\n<label>D\u00e9claration de confidentialit\u00e9 (obligatoire)\r\n<span class=\"wpcf7-form-control-wrap\" data-name=\"acceptance\"><span class=\"wpcf7-form-control wpcf7-acceptance\"><span class=\"wpcf7-list-item\"><label><input type=\"checkbox\" name=\"acceptance\" value=\"1\" aria-invalid=\"false\" \/><span class=\"wpcf7-list-item-label\">J'autorise Luminus Solutions \u00e0 me contacter. Les informations contenues dans ce formulaire de contact sont conserv\u00e9es par Luminus Solutions pendant 6 mois et utilis\u00e9es pour g\u00e9rer cette demande de contact. Si vous le souhaitez, vous avez le droit de faire modifier ou supprimer vos donn\u00e9es. Vous pouvez nous contacter \u00e0 l'adresse info@luminussolutions.be. Vous pouvez \u00e9galement toujours consulter notre politique de confidentialit\u00e9 pour plus d'informations.<\/span><\/label><\/span><\/span><\/span><\/label>\r\n\r\n<button class=\"wpcf7-form-control wpcf7-submit has-spinner et_pb_button et_pb_bg_layout_light\" type=\"submit\" value=\"Prendre contact\">Prendre contact<\/button><input type='hidden' class='wpcf7-pum' value='{\"closepopup\":false,\"closedelay\":0,\"openpopup\":false,\"openpopup_id\":0}' \/><div class=\"wpcf7-response-output\" aria-hidden=\"true\"><\/div>\n<\/form>\n<\/div>\n[\/et_pb_code][\/et_pb_column][et_pb_column type=\u00a0\u00bb2_5&Prime; _builder_version=\u00a0\u00bb4.24.2&Prime; _module_preset=\u00a0\u00bbdefault\u00a0\u00bb global_colors_info=\u00a0\u00bb{}\u00a0\u00bb theme_builder_area=\u00a0\u00bbpost_content\u00a0\u00bb][et_pb_text _builder_version=\u00a0\u00bb4.16&Prime; _module_preset=\u00a0\u00bbdefault\u00a0\u00bb global_colors_info=\u00a0\u00bb{}\u00a0\u00bb theme_builder_area=\u00a0\u00bbpost_content\u00a0\u00bb]<\/p>\n<h2><strong>Vous avez une question, une remarque ou une suggestion? <\/strong><\/h2>\n<h2><strong>Ou vous souhaitez obtenir des conseils ou un devis sans engagement ? <\/strong><\/h2>\n<p>N&rsquo;h\u00e9sitez pas \u00e0 nous contacter. Nous sommes pr\u00eats \u00e0 r\u00e9pondre \u00e0 toutes vos questions.<\/p>\n<p>[\/et_pb_text][et_pb_text _builder_version=\u00a0\u00bb4.16&Prime; _module_preset=\u00a0\u00bbdefault\u00a0\u00bb text_text_color=\u00a0\u00bb#F15A22&Prime; global_colors_info=\u00a0\u00bb{}\u00a0\u00bb theme_builder_area=\u00a0\u00bbpost_content\u00a0\u00bb]<\/p>\n<h3><strong>Vous pouvez aussi nous appeler, nous envoyer un e-mail ou nous suivre sur les m\u00e9dias sociaux.<\/strong><\/h3>\n<p>[\/et_pb_text][et_pb_text _builder_version=\u00a0\u00bb4.16&Prime; _module_preset=\u00a0\u00bbdefault\u00a0\u00bb text_font=\u00a0\u00bb|700|||||||\u00a0\u00bb text_text_color=\u00a0\u00bb#000000&Prime; global_colors_info=\u00a0\u00bb{}\u00a0\u00bb theme_builder_area=\u00a0\u00bbpost_content\u00a0\u00bb]<\/p>\n<p><a href=\"mailto:info@luminussolutions.be\">info@luminussolutions.be<\/a><\/p>\n<p><a href=\"tel:+32%2016%2076%2080%2040\">+32 16 76 80 40<\/a><\/p>\n<p>[\/et_pb_text][et_pb_social_media_follow _builder_version=\u00a0\u00bb4.24.2&Prime; text_orientation=\u00a0\u00bbleft\u00a0\u00bb custom_css_social_icon=\u00a0\u00bbborder-radius:100%;\u00a0\u00bb global_module=\u00a0\u00bb832&Prime; global_colors_info=\u00a0\u00bb{}\u00a0\u00bb theme_builder_area=\u00a0\u00bbpost_content\u00a0\u00bb][et_pb_social_media_follow_network social_network=\u00a0\u00bblinkedin\u00a0\u00bb url=\u00a0\u00bbhttps:\/\/www.linkedin.com\/company\/luminus-solutions\u00a0\u00bb _builder_version=\u00a0\u00bb4.16&Prime; background_color=\u00a0\u00bb#007bb6&Prime; global_colors_info=\u00a0\u00bb{}\u00a0\u00bb theme_builder_area=\u00a0\u00bbpost_content\u00a0\u00bb follow_button=\u00a0\u00bboff\u00a0\u00bb url_new_window=\u00a0\u00bbon\u00a0\u00bb]linkedin[\/et_pb_social_media_follow_network][et_pb_social_media_follow_network social_network=\u00a0\u00bbfacebook\u00a0\u00bb url=\u00a0\u00bbhttps:\/\/www.facebook.com\/luminussolutions\u00a0\u00bb _builder_version=\u00a0\u00bb4.16&Prime; background_color=\u00a0\u00bb#3b5998&Prime; global_colors_info=\u00a0\u00bb{}\u00a0\u00bb theme_builder_area=\u00a0\u00bbpost_content\u00a0\u00bb follow_button=\u00a0\u00bboff\u00a0\u00bb url_new_window=\u00a0\u00bbon\u00a0\u00bb]facebook[\/et_pb_social_media_follow_network][et_pb_social_media_follow_network social_network=\u00a0\u00bbyoutube\u00a0\u00bb url=\u00a0\u00bbhttps:\/\/www.youtube.com\/channel\/UCdUAB-U_Ck7hsrQBHkITivw\u00a0\u00bb _builder_version=\u00a0\u00bb4.16&Prime; _module_preset=\u00a0\u00bbdefault\u00a0\u00bb background_color=\u00a0\u00bb#a82400&Prime; global_colors_info=\u00a0\u00bb{}\u00a0\u00bb theme_builder_area=\u00a0\u00bbpost_content\u00a0\u00bb follow_button=\u00a0\u00bboff\u00a0\u00bb url_new_window=\u00a0\u00bbon\u00a0\u00bb]youtube[\/et_pb_social_media_follow_network][et_pb_social_media_follow_network social_network=\u00a0\u00bbtwitter\u00a0\u00bb url=\u00a0\u00bbhttps:\/\/twitter.com\/LumSolutions\u00a0\u00bb _builder_version=\u00a0\u00bb4.22.2&Prime; background_color=\u00a0\u00bb#000000&Prime; global_colors_info=\u00a0\u00bb{}\u00a0\u00bb theme_builder_area=\u00a0\u00bbpost_content\u00a0\u00bb follow_button=\u00a0\u00bboff\u00a0\u00bb url_new_window=\u00a0\u00bbon\u00a0\u00bb]twitter[\/et_pb_social_media_follow_network][\/et_pb_social_media_follow][\/et_pb_column][\/et_pb_row][\/et_pb_section][et_pb_section fb_built=\u00a0\u00bb1&Prime; _builder_version=\u00a0\u00bb4.24.2&Prime; _module_preset=\u00a0\u00bbdefault\u00a0\u00bb background_color=\u00a0\u00bb#F6F6F6&Prime; global_colors_info=\u00a0\u00bb{}\u00a0\u00bb theme_builder_area=\u00a0\u00bbpost_content\u00a0\u00bb][et_pb_row _builder_version=\u00a0\u00bb4.16&Prime; _module_preset=\u00a0\u00bbdefault\u00a0\u00bb global_colors_info=\u00a0\u00bb{}\u00a0\u00bb theme_builder_area=\u00a0\u00bbpost_content\u00a0\u00bb][et_pb_column type=\u00a0\u00bb4_4&Prime; _builder_version=\u00a0\u00bb4.16&Prime; _module_preset=\u00a0\u00bbdefault\u00a0\u00bb global_colors_info=\u00a0\u00bb{}\u00a0\u00bb theme_builder_area=\u00a0\u00bbpost_content\u00a0\u00bb][et_pb_text module_id=\u00a0\u00bbkantoren\u00a0\u00bb _builder_version=\u00a0\u00bb4.24.2&Prime; _module_preset=\u00a0\u00bbdefault\u00a0\u00bb text_font=\u00a0\u00bb|600|||||||\u00a0\u00bb header_4_font=\u00a0\u00bb|600|||||||\u00a0\u00bb header_4_text_color=\u00a0\u00bb#F15A22&Prime; global_colors_info=\u00a0\u00bb{}\u00a0\u00bb theme_builder_area=\u00a0\u00bbpost_content\u00a0\u00bb]<\/p>\n<h3>Nos si\u00e8ges<\/h3>\n\n<h4>Luminus Solutions SA<\/h4>\n<p>Si\u00e8ge principal: Boulevard du Roi Albert II 7, B-1210 Bruxelles<\/p>\n<p>Adresses op\u00e9rationnelles: Bleyveldstraat 9, B-3320 Hoegaarden<\/p>\n<p>Rue Bonne Femme 64\/2, 4030 Li\u00e8ge-Grivegn\u00e9e<\/p>\n<p>Num\u00e9ro d&rsquo;entreprise BE454.145.981<\/p>\n\n<h4>VMI Engineering &amp; Contracting SA<\/h4>\n<p>Bleyveldstraat 9, 3320 Hoegaarden<\/p>\n<p>Num\u00e9ro d&rsquo;entreprise BE460.695.659<\/p>\n\n<h4>Vanparijs Engineers Suisse S\u00e0rl<\/h4>\n<p>Rue du Pommier 7, 2000 Neuch\u00e2tel, Suisse<\/p>\n<p>[\/et_pb_text][\/et_pb_column][\/et_pb_row][\/et_pb_section][et_pb_section fb_built=\u00a0\u00bb1&Prime; _builder_version=\u00a0\u00bb4.9.10&Prime; _module_preset=\u00a0\u00bbdefault\u00a0\u00bb custom_padding=\u00a0\u00bb0px||0px|||\u00a0\u00bb global_module=\u00a0\u00bb1726&Prime; global_colors_info=\u00a0\u00bb{}\u00a0\u00bb theme_builder_area=\u00a0\u00bbpost_content\u00a0\u00bb][et_pb_row _builder_version=\u00a0\u00bb4.16&Prime; _module_preset=\u00a0\u00bbdefault\u00a0\u00bb background_image=\u00a0\u00bbhttps:\/\/luminussolutions.be\/wp-content\/uploads\/2021\/05\/01_homepage.jpg\u00a0\u00bb width=\u00a0\u00bb100%\u00a0\u00bb max_width=\u00a0\u00bb100%\u00a0\u00bb min_height=\u00a0\u00bb150px\u00a0\u00bb height=\u00a0\u00bb150px\u00a0\u00bb custom_padding=\u00a0\u00bb80px||40px||false|false\u00a0\u00bb global_colors_info=\u00a0\u00bb{}\u00a0\u00bb theme_builder_area=\u00a0\u00bbpost_content\u00a0\u00bb][et_pb_column type=\u00a0\u00bb4_4&Prime; _builder_version=\u00a0\u00bb4.16&Prime; _module_preset=\u00a0\u00bbdefault\u00a0\u00bb global_colors_info=\u00a0\u00bb{}\u00a0\u00bb theme_builder_area=\u00a0\u00bbpost_content\u00a0\u00bb][\/et_pb_column][\/et_pb_row][\/et_pb_section]<\/p>\n","protected":false},"excerpt":{"rendered":"<p>? Informations pour les particuliers ? Luminus Solutions est un prestataire de services pour les entreprises. Vous cherchez les coordonn\u00e9es de Luminus, concernant une question sur votre facture d&rsquo;\u00e9lectricit\u00e9 ou votre raccordement au gaz ? Dans ce cas, nous vous renvoyons au site web de Luminus o\u00f9 vous trouverez toutes les coordonn\u00e9es n\u00e9cessaires. Cliquez ici pour acc\u00e9der au site web de Luminus pour les particuliers\n<div class=\"wpcf7 no-js\" id=\"wpcf7-f7685-o2\" lang=\"fr-FR\" dir=\"ltr\" data-wpcf7-id=\"7685\">\n<div class=\"screen-reader-response\"><p role=\"status\" aria-live=\"polite\" aria-atomic=\"true\"><\/p> <ul><\/ul><\/div>\n<form action=\"\/fr\/wp-json\/wp\/v2\/pages\/2157#wpcf7-f7685-o2\" method=\"post\" class=\"wpcf7-form init\" id=\"contactForm\" aria-label=\"Formulaire de contact\" novalidate=\"novalidate\" data-status=\"init\">\n<fieldset class=\"hidden-fields-container\"><input type=\"hidden\" name=\"_wpcf7\" value=\"7685\" \/><input type=\"hidden\" name=\"_wpcf7_version\" value=\"6.1.5\" \/><input type=\"hidden\" name=\"_wpcf7_locale\" value=\"fr_FR\" \/><input type=\"hidden\" name=\"_wpcf7_unit_tag\" value=\"wpcf7-f7685-o2\" \/><input type=\"hidden\" name=\"_wpcf7_container_post\" value=\"0\" \/><input type=\"hidden\" name=\"_wpcf7_posted_data_hash\" value=\"\" \/>\n<\/fieldset>\n<div class=\"wpcf7-turnstile cf-turnstile\" data-sitekey=\"0x4AAAAAACTpmX15eIihsLhZ\" data-response-field-name=\"_wpcf7_turnstile_response\"><\/div>\n\n<div class=\"wpcf7-contact-detail-fields\">\r\n<label> Nom*\r\n    <span class=\"wpcf7-form-control-wrap\" data-name=\"your-name\"><input size=\"40\" maxlength=\"400\" class=\"wpcf7-form-control wpcf7-text wpcf7-validates-as-required\" autocomplete=\"name\" aria-required=\"true\" aria-invalid=\"false\" placeholder=\"Votre nom\" value=\"\" type=\"text\" name=\"your-name\" \/><\/span> <\/label>\r\n\r\n<label> Soci\u00e9t\u00e9*\r\n    <span class=\"wpcf7-form-control-wrap\" data-name=\"your-company\"><input size=\"40\" maxlength=\"400\" class=\"wpcf7-form-control wpcf7-text wpcf7-validates-as-required\" autocomplete=\"organization\" aria-required=\"true\" aria-invalid=\"false\" placeholder=\"Votre soci\u00e9t\u00e9\" value=\"\" type=\"text\" name=\"your-company\" \/><\/span> <\/label>\r\n\r\n<label> Adresse e-mail*\r\n    <span class=\"wpcf7-form-control-wrap\" data-name=\"your-email\"><input size=\"40\" maxlength=\"400\" class=\"wpcf7-form-control wpcf7-email wpcf7-validates-as-required wpcf7-text wpcf7-validates-as-email\" autocomplete=\"email\" aria-required=\"true\" aria-invalid=\"false\" placeholder=\"Votre adresse e-mail professionelle\" value=\"\" type=\"email\" name=\"your-email\" \/><\/span> <\/label>\r\n\r\n<label> T\u00e9l\u00e9phone*\r\n<span class=\"wpcf7-form-control-wrap\" data-name=\"your-tel\"><input size=\"40\" maxlength=\"400\" class=\"wpcf7-form-control wpcf7-tel wpcf7-validates-as-required wpcf7-text wpcf7-validates-as-tel\" autocomplete=\"tel\" aria-required=\"true\" aria-invalid=\"false\" placeholder=\"Votre num\u00e9ro de t\u00e9l\u00e9phone\" value=\"\" type=\"tel\" name=\"your-tel\" \/><\/span><\/label>\r\n<\/div>\r\n\r\n<label> Int\u00e9ress\u00e9 dans* \r\n    <span class=\"wpcf7-form-control-wrap dsm-contact-form-7-select\" data-name=\"your-subject\"><select class=\"wpcf7-form-control wpcf7-select wpcf7-validates-as-required et_pb_contact_select input\" aria-required=\"true\" aria-invalid=\"false\" name=\"your-subject\"><option value=\"Plus d&#039;infos sur les \u00e9conomies d&#039;\u00e9nergie\">Plus d&#039;infos sur les \u00e9conomies d&#039;\u00e9nergie<\/option><option value=\"Plus d&#039;infos sur la s\u00e9curisation de l&#039;\u00e9nergie\">Plus d&#039;infos sur la s\u00e9curisation de l&#039;\u00e9nergie<\/option><option value=\"Plus d&#039;infos sur la gestion de l&#039;\u00e9nergie\">Plus d&#039;infos sur la gestion de l&#039;\u00e9nergie<\/option><option value=\"Une demande d&#039;offre\">Une demande d&#039;offre<\/option><option value=\"Une offre d&#039;emploi\">Une offre d&#039;emploi<\/option><option value=\"Autre\">Autre<\/option><\/select><\/span> <\/label>.\r\n\r\n<label> Message\r\n    <span class=\"wpcf7-form-control-wrap\" data-name=\"your-message\"><textarea cols=\"40\" rows=\"10\" maxlength=\"2000\" class=\"wpcf7-form-control wpcf7-textarea\" aria-invalid=\"false\" placeholder=\"Votre message pour nous?\" name=\"your-message\"><\/textarea><\/span> <\/label>\r\n\r\n<input class=\"wpcf7-form-control wpcf7-hidden\" value=\"\" type=\"hidden\" name=\"utm_source\" \/>\r\n<input class=\"wpcf7-form-control wpcf7-hidden\" value=\"\" type=\"hidden\" name=\"utm_medium\" \/>\r\n<input class=\"wpcf7-form-control wpcf7-hidden\" value=\"\" type=\"hidden\" name=\"utm_campaign\" \/>\r\n<input class=\"wpcf7-form-control wpcf7-hidden\" value=\"\" type=\"hidden\" name=\"gclid\" \/>\r\n<input class=\"wpcf7-form-control wpcf7-hidden\" value=\"\" type=\"hidden\" name=\"fbclid\" \/>\r\n<input class=\"wpcf7-form-control wpcf7-hidden\" value=\"\" type=\"hidden\" name=\"first_session_data\" \/>\r\n<input class=\"wpcf7-form-control wpcf7-hidden\" value=\"\" type=\"hidden\" name=\"session_count\" \/>\r\n<input class=\"wpcf7-form-control wpcf7-hidden\" value=\"\" type=\"hidden\" name=\"conversion_session\" \/>\r\n\r\n<label>D\u00e9claration de confidentialit\u00e9 (obligatoire)\r\n<span class=\"wpcf7-form-control-wrap\" data-name=\"acceptance\"><span class=\"wpcf7-form-control wpcf7-acceptance\"><span class=\"wpcf7-list-item\"><label><input type=\"checkbox\" name=\"acceptance\" value=\"1\" aria-invalid=\"false\" \/><span class=\"wpcf7-list-item-label\">J'autorise Luminus Solutions \u00e0 me contacter. Les informations contenues dans ce formulaire de contact sont conserv\u00e9es par Luminus Solutions pendant 6 mois et utilis\u00e9es pour g\u00e9rer cette demande de contact. Si vous le souhaitez, vous avez le droit de faire modifier ou supprimer vos donn\u00e9es. Vous pouvez nous contacter \u00e0 l'adresse info@luminussolutions.be. Vous pouvez \u00e9galement toujours consulter notre politique de confidentialit\u00e9 pour plus d'informations.<\/span><\/label><\/span><\/span><\/span><\/label>\r\n\r\n<button class=\"wpcf7-form-control wpcf7-submit has-spinner et_pb_button et_pb_bg_layout_light\" type=\"submit\" value=\"Prendre contact\">Prendre contact<\/button><input type='hidden' class='wpcf7-pum' value='{\"closepopup\":false,\"closedelay\":0,\"openpopup\":false,\"openpopup_id\":0}' \/><div class=\"wpcf7-response-output\" aria-hidden=\"true\"><\/div>\n<\/form>\n<\/div>\nVous avez une question, une remarque ou une suggestion? Ou vous souhaitez obtenir des conseils ou un devis sans engagement ? N&rsquo;h\u00e9sitez pas \u00e0 nous contacter. Nous sommes pr\u00eats \u00e0 r\u00e9pondre \u00e0 toutes vos questions.Vous pouvez aussi nous appeler, nous envoyer un e-mail ou nous suivre sur les m\u00e9dias sociaux.info@luminussolutions.be +32 16 76 80 40Nos si\u00e8ges &nbsp; Luminus Solutions SA Si\u00e8ge principal: Boulevard du Roi Albert II 7, B-1210 Bruxelles Adresses op\u00e9rationnelles: Bleyveldstraat 9, B-3320 Hoegaarden Rue Bonne Femme 64\/2, 4030 Li\u00e8ge-Grivegn\u00e9e Num\u00e9ro d&rsquo;entreprise BE454.145.981 &nbsp; VMI Engineering &amp; Contracting SA Bleyveldstraat 9, 3320 Hoegaarden Num\u00e9ro d&rsquo;entreprise BE460.695.659 &nbsp; Vanparijs Engineers Suisse S\u00e0rl Rue du Pommier 7, 2000 Neuch\u00e2tel, Suisse<\/p>\n","protected":false},"author":1,"featured_media":427,"parent":0,"menu_order":0,"comment_status":"closed","ping_status":"closed","template":"","meta":{"_acf_changed":false,"_et_pb_use_builder":"on","_et_pb_old_content":"","_et_gb_content_width":"","inline_featured_image":false,"iawp_total_views":2125,"footnotes":""},"class_list":["post-2157","page","type-page","status-publish","has-post-thumbnail","hentry"],"acf":[],"_links":{"self":[{"href":"https:\/\/luminussolutions.be\/fr\/wp-json\/wp\/v2\/pages\/2157","targetHints":{"allow":["GET"]}}],"collection":[{"href":"https:\/\/luminussolutions.be\/fr\/wp-json\/wp\/v2\/pages"}],"about":[{"href":"https:\/\/luminussolutions.be\/fr\/wp-json\/wp\/v2\/types\/page"}],"author":[{"embeddable":true,"href":"https:\/\/luminussolutions.be\/fr\/wp-json\/wp\/v2\/users\/1"}],"replies":[{"embeddable":true,"href":"https:\/\/luminussolutions.be\/fr\/wp-json\/wp\/v2\/comments?post=2157"}],"version-history":[{"count":0,"href":"https:\/\/luminussolutions.be\/fr\/wp-json\/wp\/v2\/pages\/2157\/revisions"}],"wp:featuredmedia":[{"embeddable":true,"href":"https:\/\/luminussolutions.be\/fr\/wp-json\/wp\/v2\/media\/427"}],"wp:attachment":[{"href":"https:\/\/luminussolutions.be\/fr\/wp-json\/wp\/v2\/media?parent=2157"}],"curies":[{"name":"wp","href":"https:\/\/api.w.org\/{rel}","templated":true}]}}