{"id":2105,"date":"2021-08-05T15:19:33","date_gmt":"2021-08-05T13:19:33","guid":{"rendered":"https:\/\/luminussolutions.be\/une-solution-adaptee-a-chaque-secteur\/"},"modified":"2024-02-20T15:14:30","modified_gmt":"2024-02-20T14:14:30","slug":"nos-secteurs","status":"publish","type":"page","link":"https:\/\/luminussolutions.be\/fr\/nos-secteurs\/","title":{"rendered":"Une solution adapt\u00e9e \u00e0 chaque secteur"},"content":{"rendered":"<p>[et_pb_section fb_built=\u00a0\u00bb1&Prime; _builder_version=\u00a0\u00bb4.9.2&Prime; _module_preset=\u00a0\u00bbdefault\u00a0\u00bb global_colors_info=\u00a0\u00bb{}\u00a0\u00bb][et_pb_row _builder_version=\u00a0\u00bb4.9.2&Prime; _module_preset=\u00a0\u00bbdefault\u00a0\u00bb custom_padding=\u00a0\u00bb15px||45px||false|false\u00a0\u00bb global_colors_info=\u00a0\u00bb{}\u00a0\u00bb][et_pb_column type=\u00a0\u00bb4_4&Prime; _builder_version=\u00a0\u00bb4.9.2&Prime; _module_preset=\u00a0\u00bbdefault\u00a0\u00bb global_colors_info=\u00a0\u00bb{}\u00a0\u00bb][et_pb_text _builder_version=\u00a0\u00bb4.9.2&Prime; _module_preset=\u00a0\u00bbdefault\u00a0\u00bb global_colors_info=\u00a0\u00bb{}\u00a0\u00bb]<\/p>\n<p><strong>Nous devons tous consommer moins d&rsquo;\u00e9nergie et de mani\u00e8re plus responsable afin d&rsquo;enrayer le changement climatique. Dans l&rsquo;industrie, mais aussi dans les h\u00f4pitaux, les \u00e9coles, les b\u00e2timents publics, les logements collectifs, etc. c&rsquo;est un d\u00e9fi majeur !<\/strong><br \/><strong>Nous avons des solutions sp\u00e9cifiques adapt\u00e9es \u00e0 votre secteur.<\/strong><\/p>\n<p>[\/et_pb_text][\/et_pb_column][\/et_pb_row][et_pb_row column_structure=\u00a0\u00bb1_4,1_4,1_4,1_4&Prime; _builder_version=\u00a0\u00bb4.11.3&Prime; _module_preset=\u00a0\u00bbdefault\u00a0\u00bb hover_enabled=\u00a0\u00bb0&Prime; global_colors_info=\u00a0\u00bb{}\u00a0\u00bb sticky_enabled=\u00a0\u00bb0&Prime;][et_pb_column type=\u00a0\u00bb1_4&Prime; _builder_version=\u00a0\u00bb4.9.10&Prime; _module_preset=\u00a0\u00bbdefault\u00a0\u00bb global_colors_info=\u00a0\u00bb{}\u00a0\u00bb][et_pb_image src=\u00a0\u00bbhttps:\/\/luminussolutions.be\/wp-content\/uploads\/2021\/05\/05a_Gebouwen-scaled.jpg\u00a0\u00bb alt=\u00a0\u00bbEfficacit\u00e9 \u00e9nerg\u00e9tique dans les b\u00e2timents\u00a0\u00bb title_text=\u00a0\u00bb05a_B\u00e2timents\u00a0\u00bb url=\u00a0\u00bbhttps:\/\/luminussolutions.be\/fr\/batiments\/\u00a0\u00bb admin_label=\u00a0\u00bbGebouwen\u00a0\u00bb _builder_version=\u00a0\u00bb4.9.10&Prime; _module_preset=\u00a0\u00bbdefault\u00a0\u00bb global_colors_info=\u00a0\u00bb{}\u00a0\u00bb][\/et_pb_image][et_pb_text _builder_version=\u00a0\u00bb4.9.10&Prime; _module_preset=\u00a0\u00bbdefault\u00a0\u00bb link_option_url=\u00a0\u00bbhttps:\/\/luminussolutions.be\/fr\/batiments\/\u00a0\u00bb global_colors_info=\u00a0\u00bb{}\u00a0\u00bb]<\/p>\n<h3>B\u00e2timents<\/h3>\n<p>[\/et_pb_text][\/et_pb_column][et_pb_column type=\u00a0\u00bb1_4&Prime; _builder_version=\u00a0\u00bb4.11.3&Prime; _module_preset=\u00a0\u00bbdefault\u00a0\u00bb hover_enabled=\u00a0\u00bb0&Prime; global_colors_info=\u00a0\u00bb{}\u00a0\u00bb module_class=\u00a0\u00bbswitch\u00a0\u00bb sticky_enabled=\u00a0\u00bb0&Prime;][et_pb_text _builder_version=\u00a0\u00bb4.9.10&Prime; _module_preset=\u00a0\u00bbdefault\u00a0\u00bb link_option_url=\u00a0\u00bbhttps:\/\/luminussolutions.be\/fr\/soins-de-sante\/\u00a0\u00bb global_colors_info=\u00a0\u00bb{}\u00a0\u00bb]<\/p>\n<h3>Soins de sant\u00e9<\/h3>\n<p>[\/et_pb_text][et_pb_image src=\u00a0\u00bbhttps:\/\/luminussolutions.be\/wp-content\/uploads\/2021\/05\/05b_Gezondheidszorg-\u00a9EDF-scaled.jpg\u00a0\u00bb alt=\u00a0\u00bbDes solutions \u00e9nerg\u00e9tiques intelligentes pour le secteur des soins de sant\u00e9\u00a0\u00bb title_text=\u00a0\u00bbILLUSTRATIONS SHUTTERSTOCK\u00a0\u00bb url=\u00a0\u00bbhttps:\/\/luminussolutions.be\/fr\/soins-de-sante\/\u00a0\u00bb admin_label=\u00a0\u00bbZorgsector\u00a0\u00bb _builder_version=\u00a0\u00bb4.9.10&Prime; _module_preset=\u00a0\u00bbdefault\u00a0\u00bb global_colors_info=\u00a0\u00bb{}\u00a0\u00bb][\/et_pb_image][\/et_pb_column][et_pb_column type=\u00a0\u00bb1_4&Prime; _builder_version=\u00a0\u00bb4.9.10&Prime; _module_preset=\u00a0\u00bbdefault\u00a0\u00bb global_colors_info=\u00a0\u00bb{}\u00a0\u00bb][et_pb_image src=\u00a0\u00bbhttps:\/\/luminussolutions.be\/wp-content\/uploads\/2021\/05\/05c_Industrie-scaled.jpg\u00a0\u00bb alt=\u00a0\u00bbDes solutions intelligentes pour une production industrielle \u00e9conome en \u00e9nergie\u00a0\u00bb title_text=\u00a0\u00bb05c_Industrie\u00a0\u00bb url=\u00a0\u00bbhttps:\/\/luminussolutions.be\/fr\/industrie\/\u00a0\u00bb admin_label=\u00a0\u00bbIndustrie\u00a0\u00bb _builder_version=\u00a0\u00bb4.9.10&Prime; _module_preset=\u00a0\u00bbdefault\u00a0\u00bb global_colors_info=\u00a0\u00bb{}\u00a0\u00bb][\/et_pb_image][et_pb_text _builder_version=\u00a0\u00bb4.9.10&Prime; _module_preset=\u00a0\u00bbdefault\u00a0\u00bb link_option_url=\u00a0\u00bbhttps:\/\/luminussolutions.be\/fr\/industrie\/\u00a0\u00bb global_colors_info=\u00a0\u00bb{}\u00a0\u00bb]<\/p>\n<h3>Industrie<\/h3>\n<p>[\/et_pb_text][\/et_pb_column][et_pb_column type=\u00a0\u00bb1_4&Prime; _builder_version=\u00a0\u00bb4.11.3&Prime; _module_preset=\u00a0\u00bbdefault\u00a0\u00bb hover_enabled=\u00a0\u00bb0&Prime; global_colors_info=\u00a0\u00bb{}\u00a0\u00bb module_class=\u00a0\u00bbswitch\u00a0\u00bb sticky_enabled=\u00a0\u00bb0&Prime;][et_pb_text _builder_version=\u00a0\u00bb4.9.10&Prime; _module_preset=\u00a0\u00bbdefault\u00a0\u00bb link_option_url=\u00a0\u00bbhttps:\/\/luminussolutions.be\/fr\/infrastructures\/\u00a0\u00bb global_colors_info=\u00a0\u00bb{}\u00a0\u00bb]<\/p>\n<h3>Infrastructure<\/h3>\n<p>[\/et_pb_text][et_pb_image src=\u00a0\u00bbhttps:\/\/luminussolutions.be\/wp-content\/uploads\/2021\/05\/05d_Infrastructuur-scaled.jpg\u00a0\u00bb alt=\u00a0\u00bbUne \u00e9nergie de qualit\u00e9 pour les infrastructures essentielles\u00a0\u00bb title_text=\u00a0\u00bb05d_Infrastructure\u00a0\u00bb url=\u00a0\u00bbhttps:\/\/luminussolutions.be\/fr\/infrastructures\/\u00a0\u00bb _builder_version=\u00a0\u00bb4.9.10&Prime; _module_preset=\u00a0\u00bbdefault\u00a0\u00bb global_colors_info=\u00a0\u00bb{}\u00a0\u00bb][\/et_pb_image][\/et_pb_column][\/et_pb_row][\/et_pb_section][et_pb_section fb_built=\u00a0\u00bb1&Prime; _builder_version=\u00a0\u00bb4.9.10&Prime; _module_preset=\u00a0\u00bbdefault\u00a0\u00bb custom_padding=\u00a0\u00bb||0px|||\u00a0\u00bb saved_tabs=\u00a0\u00bball\u00a0\u00bb global_colors_info=\u00a0\u00bb{}\u00a0\u00bb][et_pb_row _builder_version=\u00a0\u00bb4.9.2&Prime; _module_preset=\u00a0\u00bbdefault\u00a0\u00bb custom_padding=\u00a0\u00bb45px||45px||false|false\u00a0\u00bb global_colors_info=\u00a0\u00bb{}\u00a0\u00bb][et_pb_column type=\u00a0\u00bb4_4&Prime; _builder_version=\u00a0\u00bb4.9.2&Prime; _module_preset=\u00a0\u00bbdefault\u00a0\u00bb global_colors_info=\u00a0\u00bb{}\u00a0\u00bb][et_pb_text _builder_version=\u00a0\u00bb4.9.10&Prime; _module_preset=\u00a0\u00bbdefault\u00a0\u00bb header_2_text_color=\u00a0\u00bb#F15A22&Prime; header_3_text_color=\u00a0\u00bb#F15A22&Prime; custom_margin=\u00a0\u00bb||20px||false|false\u00a0\u00bb global_colors_info=\u00a0\u00bb{}\u00a0\u00bb]<\/p>\n<h2 style=\"text-align: center;\">Que pouvons-nous faire pour vous ?<\/h2>\n<p>[\/et_pb_text][et_pb_button button_url=\u00a0\u00bbhttps:\/\/luminussolutions.be\/fr\/contactez-nous\/\u00a0\u00bb button_text=\u00a0\u00bbContactez-nous sans engagement\u00a0\u00bb button_alignment=\u00a0\u00bbcenter\u00a0\u00bb module_class=\u00a0\u00bbbtn&#8211;blue\u00a0\u00bb _builder_version=\u00a0\u00bb4.9.10&Prime; _module_preset=\u00a0\u00bbdefault\u00a0\u00bb global_colors_info=\u00a0\u00bb{}\u00a0\u00bb][\/et_pb_button][\/et_pb_column][\/et_pb_row][\/et_pb_section][et_pb_section fb_built=\u00a0\u00bb1&Prime; _builder_version=\u00a0\u00bb4.9.10&Prime; _module_preset=\u00a0\u00bbdefault\u00a0\u00bb custom_padding=\u00a0\u00bb0px||0px|||\u00a0\u00bb global_module=\u00a0\u00bb1726&Prime; global_colors_info=\u00a0\u00bb{}\u00a0\u00bb][et_pb_row _builder_version=\u00a0\u00bb4.9.10&Prime; _module_preset=\u00a0\u00bbdefault\u00a0\u00bb background_image=\u00a0\u00bbhttps:\/\/luminussolutions.be\/wp-content\/uploads\/2021\/05\/01_homepage.jpg\u00a0\u00bb width=\u00a0\u00bb100%\u00a0\u00bb max_width=\u00a0\u00bb100%\u00a0\u00bb min_height=\u00a0\u00bb150px\u00a0\u00bb height=\u00a0\u00bb150px\u00a0\u00bb custom_padding=\u00a0\u00bb80px||40px||false|false\u00a0\u00bb global_colors_info=\u00a0\u00bb{}\u00a0\u00bb][et_pb_column type=\u00a0\u00bb4_4&Prime; _builder_version=\u00a0\u00bb4.9.2&Prime; _module_preset=\u00a0\u00bbdefault\u00a0\u00bb global_colors_info=\u00a0\u00bb{}\u00a0\u00bb][\/et_pb_column][\/et_pb_row][\/et_pb_section]<\/p>\n","protected":false},"excerpt":{"rendered":"<p>Nous devons tous consommer moins d&rsquo;\u00e9nergie et de mani\u00e8re plus responsable afin d&rsquo;enrayer le changement climatique. Dans l&rsquo;industrie, mais aussi dans les h\u00f4pitaux, les \u00e9coles, les b\u00e2timents publics, les logements collectifs, etc. c&rsquo;est un d\u00e9fi majeur !Nous avons des solutions sp\u00e9cifiques adapt\u00e9es \u00e0 votre secteur.B\u00e2timentsSoins de sant\u00e9IndustrieInfrastructureQue pouvons-nous faire pour vous ?<\/p>\n","protected":false},"author":1,"featured_media":409,"parent":0,"menu_order":0,"comment_status":"closed","ping_status":"closed","template":"","meta":{"_acf_changed":false,"_et_pb_use_builder":"on","_et_pb_old_content":"","_et_gb_content_width":"","inline_featured_image":false,"iawp_total_views":125,"footnotes":""},"class_list":["post-2105","page","type-page","status-publish","has-post-thumbnail","hentry"],"acf":[],"_links":{"self":[{"href":"https:\/\/luminussolutions.be\/fr\/wp-json\/wp\/v2\/pages\/2105","targetHints":{"allow":["GET"]}}],"collection":[{"href":"https:\/\/luminussolutions.be\/fr\/wp-json\/wp\/v2\/pages"}],"about":[{"href":"https:\/\/luminussolutions.be\/fr\/wp-json\/wp\/v2\/types\/page"}],"author":[{"embeddable":true,"href":"https:\/\/luminussolutions.be\/fr\/wp-json\/wp\/v2\/users\/1"}],"replies":[{"embeddable":true,"href":"https:\/\/luminussolutions.be\/fr\/wp-json\/wp\/v2\/comments?post=2105"}],"version-history":[{"count":0,"href":"https:\/\/luminussolutions.be\/fr\/wp-json\/wp\/v2\/pages\/2105\/revisions"}],"wp:featuredmedia":[{"embeddable":true,"href":"https:\/\/luminussolutions.be\/fr\/wp-json\/wp\/v2\/media\/409"}],"wp:attachment":[{"href":"https:\/\/luminussolutions.be\/fr\/wp-json\/wp\/v2\/media?parent=2105"}],"curies":[{"name":"wp","href":"https:\/\/api.w.org\/{rel}","templated":true}]}}