{"id":194,"date":"2020-06-05T10:59:49","date_gmt":"2020-06-05T09:59:49","guid":{"rendered":"https:\/\/luminussolutions.be\/privacy-policy\/"},"modified":"2021-10-07T15:03:12","modified_gmt":"2021-10-07T13:03:12","slug":"privacy-policy","status":"publish","type":"page","link":"https:\/\/luminussolutions.be\/fr\/privacy-policy\/","title":{"rendered":"Privacy Policy"},"content":{"rendered":"<p>[et_pb_section fb_built=\u00a0\u00bb1&Prime; admin_label=\u00a0\u00bbsection\u00a0\u00bb _builder_version=\u00a0\u00bb3.22&Prime; global_colors_info=\u00a0\u00bb{}\u00a0\u00bb][et_pb_row admin_label=\u00a0\u00bbrow\u00a0\u00bb _builder_version=\u00a0\u00bb3.25&Prime; background_size=\u00a0\u00bbinitial\u00a0\u00bb background_position=\u00a0\u00bbtop_left\u00a0\u00bb background_repeat=\u00a0\u00bbrepeat\u00a0\u00bb global_colors_info=\u00a0\u00bb{}\u00a0\u00bb][et_pb_column type=\u00a0\u00bb4_4&Prime; _builder_version=\u00a0\u00bb3.25&Prime; custom_padding=\u00a0\u00bb|||\u00a0\u00bb global_colors_info=\u00a0\u00bb{}\u00a0\u00bb custom_padding__hover=\u00a0\u00bb|||\u00a0\u00bb][et_pb_text _builder_version=\u00a0\u00bb4.9.11&Prime; global_colors_info=\u00a0\u00bb{}\u00a0\u00bb]<\/p>\n<p>Ce site web est propri\u00e9t\u00e9 de Luminus Solutions SA.<\/p>\n<p>Contact<\/p>\n<p>Luminus Solutions SA<\/p>\n<p>Bleyveldstraat 9<\/p>\n<p>B-3320 Hoegaarden<\/p>\n<p>T\u00e9l: 016\/768040<\/p>\n<p>Fax: 016\/768041<\/p>\n<p>E-mail: info@luminussolutions.be<\/p>\n<p>N\u00b0 d\u2019entreprise: 0454.145.981<\/p>\n\n<p>En acc\u00e9dant et en utilisant ce site web, vous acceptez explicitement les termes et conditions suivants:<\/p>\n<p>Droits de propri\u00e9t\u00e9 intellectuelle<\/p>\n<p>Le contenu de ce site, y compris les marques, logos, dessins, donn\u00e9es, noms de produits ou d&rsquo;entreprises, textes, images, etc. sont prot\u00e9g\u00e9s par des droits de propri\u00e9t\u00e9 intellectuelle et appartiennent \u00e0 Luminus Solutions ou \u00e0 des tiers autoris\u00e9s.<\/p>\n<p>Limitation de responsabilit\u00e9<\/p>\n<p>Les informations sur le site sont de nature g\u00e9n\u00e9rale. L&rsquo;information n&rsquo;est pas adapt\u00e9e \u00e0 des circonstances personnelles ou sp\u00e9cifiques et ne peut donc pas \u00eatre consid\u00e9r\u00e9e comme un conseil personnel, professionnel ou juridique \u00e0 l&rsquo;utilisateur.<\/p>\n<p>Luminus Solutions met tout en \u0153uvre pour s&rsquo;assurer que les informations fournies sont compl\u00e8tes, correctes, exactes et \u00e0 jour. Malgr\u00e9 ces efforts, des inexactitudes peuvent survenir dans les informations fournies. Si les informations fournies contiennent des inexactitudes ou si certaines informations sur ou via le site ne sont pas disponibles, Luminus Solutions d\u00e9ploiera tous les efforts possibles pour y rem\u00e9dier le plus rapidement possible.<\/p>\n<p>Cependant, Luminus Solutions ne peut \u00eatre tenu responsable des dommages directs ou indirects r\u00e9sultant de l&rsquo;utilisation des informations sur ce site.<\/p>\n<p>Si vous trouvez des inexactitudes dans les informations mises \u00e0 disposition via le site, vous pouvez contacter le gestionnaire du site.<\/p>\n<p>Le contenu du site (y compris les liens) peut \u00eatre adapt\u00e9, modifi\u00e9 ou compl\u00e9t\u00e9 \u00e0 tout moment sans pr\u00e9avis ni notification. Luminus Solutions ne donne aucune garantie pour le bon fonctionnement du site et ne peut en aucun cas \u00eatre tenu responsable d&rsquo;un dysfonctionnement ou d&rsquo;une (in) disponibilit\u00e9 temporaire du site ou de toute forme de dommage, direct ou indirect, qui r\u00e9sulterait de l&rsquo;acc\u00e8s ou \u00e0 l&rsquo;utilisation du site.<\/p>\n<p>Luminus Solutions ne peut en aucun cas \u00eatre tenu responsable de quelque mani\u00e8re que ce soit, direct ou indirect, sp\u00e9cial ou autre, des dommages r\u00e9sultant de l&rsquo;utilisation de ce site ou d&rsquo;un tiers, notamment du fait de liens ou de liens hypertextes, y compris toutes les pertes, interruptions de travail, dommages aux programmes ou autres donn\u00e9es sur le syst\u00e8me informatique, l&rsquo;\u00e9quipement, le logiciel ou autre de l&rsquo;utilisateur.<\/p>\n<p>Le site peut contenir des hyperliens vers des sites web ou des pages de tiers ou de ses partenaires, ou s&rsquo;y r\u00e9f\u00e9rer indirectement. Placer des liens vers ces sites ou pages n&rsquo;implique en aucun cas une approbation implicite de leur contenu.<\/p>\n<p>Luminus Solutions d\u00e9clare express\u00e9ment qu&rsquo;elle n&rsquo;a aucun contr\u00f4le sur le contenu ou sur les autres caract\u00e9ristiques de ces sites et ne peut en aucun cas \u00eatre tenue responsable de leur contenu ou de leurs caract\u00e9ristiques ou de toute autre forme de dommage r\u00e9sultant de leur utilisation.<\/p>\n<p>Droit applicable et tribunaux comp\u00e9tents<\/p>\n<p>La loi belge s&rsquo;applique \u00e0 ce site. En cas de litige, seuls les tribunaux du district o\u00f9 se trouve le si\u00e8ge de Luminus Solutions sont comp\u00e9tents.<\/p>\n<p>Politique de confidentialit\u00e9 relative \u00e0 l&rsquo;utilisation du site web et des cookies<\/p>\n<p>Luminus Solutions comprend l\u2019importance de la vie priv\u00e9e de ses clients et de la protection de leurs donn\u00e9es \u00e0 caract\u00e8re personnel.<\/p>\n\n<h3>Quelles donn\u00e9es sont collect\u00e9es?<\/h3>\n<p>Bien que la plupart des informations sur ce site soient disponibles sans que des informations personnelles soient fournies, il est possible que l&rsquo;utilisateur soit invit\u00e9 \u00e0 fournir des informations personnelles. Ces informations ne seront utilis\u00e9es que pour vous tenir au courant de nos activit\u00e9s (nom, adresse, e-mail, t\u00e9l\u00e9phone, soci\u00e9t\u00e9). L&rsquo;utilisateur peut, gratuitement et sur demande, s&rsquo;opposer \u00e0 l&rsquo;utilisation de ses donn\u00e9es pour le marketing direct. \u00c0 cette fin, il s&rsquo;adressera \u00e0 Luminus Solutions.<\/p>\n<h3>Comment vos informations seront-elles utilis\u00e9es et partag\u00e9es?<\/h3>\n<p>Luminus Solutions peut partager vos donn\u00e9es \u00e0 caract\u00e8re personnel avec des soci\u00e9t\u00e9s appartenant au m\u00eame groupe et\/ou avec nos soci\u00e9t\u00e9s affili\u00e9es.<\/p>\n<p>Nous pouvons \u00e9galement partager vos donn\u00e9es \u00e0 caract\u00e8re personnel, en fonction de notre int\u00e9r\u00eat l\u00e9gitime, \u00e0 des tiers fournisseurs qui nous assistent dans la fourniture de nos produits et services. Il s\u2019agit par exemple de l\u2019h\u00e9bergement de nos serveurs Internet, de l\u2019analyse de donn\u00e9es, d\u2019une assistance marketing et de services \u00e0 la client\u00e8le. Ces soci\u00e9t\u00e9s auront uniquement acc\u00e8s \u00e0 vos donn\u00e9es \u00e0 caract\u00e8re personnel lorsque cela s\u2019av\u00e8re strictement n\u00e9cessaire pour mener \u00e0 bien leurs fonctions. Il leur est interdit de les utiliser \u00e0 toute autre finalit\u00e9.<\/p>\n<p>Vos donn\u00e9es \u00e0 caract\u00e8re personnel ne seront pas vendues ou lou\u00e9es \u00e0 des tiers.<\/p>\n<p>Nous pouvons divulguer vos donn\u00e9es \u00e0 caract\u00e8re personnel dans le but d\u2019appliquer nos politiques, de respecter nos obligations juridiques ou dans l\u2019int\u00e9r\u00eat de la s\u00e9curit\u00e9, l\u2019int\u00e9r\u00eat public ou l\u2019application de la loi dans tout pays o\u00f9 nous poss\u00e9dons des entit\u00e9s ou des soci\u00e9t\u00e9s affili\u00e9es. Nous pouvons par exemple r\u00e9pondre \u00e0 une demande \u00e9manant d\u2019un organisme charg\u00e9 de faire appliquer la loi, d\u2019un organisme de r\u00e9gulation ou d\u2019une instance gouvernementale. Nous pouvons \u00e9galement divulguer des donn\u00e9es dans le cadre de litiges actuels ou potentiels ou pour prot\u00e9ger nos biens, notre s\u00e9curit\u00e9, notre personnel ainsi que d\u2019autres droits ou int\u00e9r\u00eats.<\/p>\n<p>Si la soci\u00e9t\u00e9 Luminus Solutions est vendue ou fusionne avec une autre, vos donn\u00e9es seront divulgu\u00e9es au conseiller de tout acqu\u00e9reur potentiel et elles seront transf\u00e9r\u00e9es vers les nouveaux propri\u00e9taires de la soci\u00e9t\u00e9. Dans ce cas, nous mettrons en \u0153uvre des s\u00e9curit\u00e9s ad\u00e9quates pour assurer l\u2019int\u00e9grit\u00e9 et la confidentialit\u00e9 de vos donn\u00e9es \u00e0 caract\u00e8re personnel. L\u2019utilisation de vos informations personnelles demeurera toutefois sujette \u00e0 l\u2019application de la pr\u00e9sente Politique.<\/p>\n<h3>Comment utilisons-nous les cookies?<\/h3>\n<p>Lors d&rsquo;une visite sur le site, des \u00abcookies\u00bb peuvent \u00eatre plac\u00e9s sur le disque dur de votre ordinateur. Cela sert seulement \u00e0 mieux adapter le site aux besoins du visiteur de retour. Ces mini-fichiers ou cookies ne sont pas utilis\u00e9s pour v\u00e9rifier le comportement de navigation du visiteur sur d&rsquo;autres sites. Votre navigateur Internet vous permet d&#8217;emp\u00eacher l&rsquo;utilisation de cookies, de recevoir un avertissement lorsqu&rsquo;un cookie est install\u00e9 ou de supprimer les cookies de votre disque dur par la suite. Consultez la fonction d&rsquo;aide de votre navigateur internet pour cela.<\/p>\n<h3>Google Analytics<\/h3>\n<p>Nous utilisons \u00e9galement des services tiers tels que Google Analytics pour recueillir des informations sur les visiteurs de nos sites web. Ces informations sont regroup\u00e9es afin de d\u00e9terminer le nombre de visites, le temps moyen pass\u00e9 sur la page, les pages consult\u00e9es, etc. Nous utilisons ces informations pour mesurer l\u2019utilisation du site, mais aussi pour en am\u00e9liorer le contenu et la valeur.<\/p>\n<h3>Droits des personnes concern\u00e9es<\/h3>\n<p>Conform\u00e9ment aux r\u00e9glementations applicables en mati\u00e8re de protection des donn\u00e9es, telles que le r\u00e8glement g\u00e9n\u00e9ral sur la protection des donn\u00e9es n \u00b0 2016\/679 et la l\u00e9gislation nationale sur la protection des donn\u00e9es, l&rsquo;utilisateur a le droit l\u00e9gal d&rsquo;inspecter et de corriger ses donn\u00e9es personnelles.<\/p>\n<p>Sous r\u00e9serve d&rsquo;une preuve d&rsquo;identit\u00e9 (copie de la carte d&rsquo;identit\u00e9), vous pouvez recevoir gratuitement la notification \u00e9crite de vos donn\u00e9es personnelles via une demande \u00e9crite, dat\u00e9e et sign\u00e9e \u00e0 Luminus Solutions. Si n\u00e9cessaire, vous pouvez \u00e9galement demander de corriger les donn\u00e9es qui seraient incorrectes, incompl\u00e8tes ou non pertinentes.<\/p>\n<p>Si vous avez choisi de recevoir des nouvelles de Luminus Solutions lorsque vous vous inscrivez sur le site, vous pouvez vous d\u00e9sabonner \u00e0 tout moment si vous changez d&rsquo;avis.<\/p>\n<h3>S\u00e9curit\u00e9<\/h3>\n<p>Luminus Solutionss\u2019engage \u00e0 faire ce qui est en son pouvoir pour garantir la s\u00e9curit\u00e9 de vos donn\u00e9es. Nous avons mis en \u0153uvre des mesures techniques et organisationnelles raisonnables pour prot\u00e9ger vos donn\u00e9es \u00e0 caract\u00e8re personnel contre toute destruction, perte, alt\u00e9ration accidentelle ou illicite, la divulgation non autoris\u00e9e de donn\u00e9es \u00e0 caract\u00e8re personnel transmises, conserv\u00e9es ou trait\u00e9es d\u2019une autre mani\u00e8re, ou l\u2019acc\u00e8s non autoris\u00e9 \u00e0 de telles donn\u00e9es. Vous devez toutefois garder \u00e0 l\u2019esprit qu\u2019Internet est un syst\u00e8me ouvert et que nous ne pouvons garantir qu\u2019aucun tiers non autoris\u00e9 ne pourra jamais contourner ces mesures ou utiliser vos donn\u00e9es \u00e0 caract\u00e8re personnel \u00e0 des fins inappropri\u00e9es.<\/p>\n<p>Ce site web peut contenir des liens vers des sites web de tiers. Luminus Solutions n\u2019est pas responsable du contenu de ces sites ni des normes et pratiques de confidentialit\u00e9 de ce tiers. Nous vous recommandons de lire et de comprendre les politiques de confidentialit\u00e9 appropri\u00e9es de ces tiers et de leurs sites web avant d\u2019accepter leurs cookies et de consulter leur site afin de vous assurer que vos donn\u00e9es \u00e0 caract\u00e8re personnel sont suffisamment prot\u00e9g\u00e9es.<\/p>\n<h3>Modifications de la pr\u00e9sente politique<\/h3>\n<p>Luminus Solutions peut le cas \u00e9ch\u00e9ant modifier et mettre \u00e0 jour la pr\u00e9sente politique pour s\u2019assurer qu\u2019elle repr\u00e9sente la fa\u00e7on dont nous traitons vos donn\u00e9es \u00e0 caract\u00e8re personnel \u00e0 ce moment. Nous publierons une version actualis\u00e9e de la pr\u00e9sente politique sur la m\u00eame page web et elle entrera en vigueur au moment de sa publication. Veuillez consulter r\u00e9guli\u00e8rement la pr\u00e9sente page Internet pour vous assurer de conna\u00eetre \u00e0 tout moment les informations que nous collectons et traitons, comment vos donn\u00e9es sont utilis\u00e9es, dans quelles circonstances et dans quels cas nous les partagerons avec des tiers.<\/p>\n<p>[\/et_pb_text][\/et_pb_column][\/et_pb_row][\/et_pb_section]<\/p>\n","protected":false},"excerpt":{"rendered":"<p>Ce site web est propri\u00e9t\u00e9 de Luminus Solutions SA. Contact Luminus Solutions SA Bleyveldstraat 9 B-3320 Hoegaarden T\u00e9l: 016\/768040 Fax: 016\/768041 E-mail: info@luminussolutions.be N\u00b0 d\u2019entreprise: 0454.145.981 &nbsp; En acc\u00e9dant et en utilisant ce site web, vous acceptez explicitement les termes et conditions suivants: Droits de propri\u00e9t\u00e9 intellectuelle Le contenu de ce site, y compris les marques, logos, dessins, donn\u00e9es, noms de produits ou d&rsquo;entreprises, textes, images, etc. sont prot\u00e9g\u00e9s par des droits de propri\u00e9t\u00e9 intellectuelle et appartiennent \u00e0 Luminus Solutions ou \u00e0 des tiers autoris\u00e9s. Limitation de responsabilit\u00e9 Les informations sur le site sont de nature g\u00e9n\u00e9rale. L&rsquo;information n&rsquo;est pas adapt\u00e9e \u00e0 des circonstances personnelles ou sp\u00e9cifiques et ne peut donc pas \u00eatre consid\u00e9r\u00e9e comme un conseil personnel, professionnel ou juridique \u00e0 l&rsquo;utilisateur. Luminus Solutions met tout en \u0153uvre pour s&rsquo;assurer que les informations fournies sont compl\u00e8tes, correctes, exactes et \u00e0 jour. Malgr\u00e9 ces efforts, des inexactitudes peuvent survenir dans les informations fournies. Si les informations fournies contiennent des inexactitudes ou si certaines informations sur ou via le site ne sont pas disponibles, Luminus Solutions d\u00e9ploiera tous les efforts possibles pour y rem\u00e9dier le plus rapidement possible. Cependant, Luminus Solutions ne peut \u00eatre tenu responsable des dommages directs ou indirects [&hellip;]<\/p>\n","protected":false},"author":1,"featured_media":0,"parent":0,"menu_order":0,"comment_status":"closed","ping_status":"open","template":"","meta":{"_acf_changed":false,"_et_pb_use_builder":"on","_et_pb_old_content":"","_et_gb_content_width":"","inline_featured_image":false,"iawp_total_views":117,"footnotes":""},"class_list":["post-194","page","type-page","status-publish","hentry"],"acf":[],"_links":{"self":[{"href":"https:\/\/luminussolutions.be\/fr\/wp-json\/wp\/v2\/pages\/194","targetHints":{"allow":["GET"]}}],"collection":[{"href":"https:\/\/luminussolutions.be\/fr\/wp-json\/wp\/v2\/pages"}],"about":[{"href":"https:\/\/luminussolutions.be\/fr\/wp-json\/wp\/v2\/types\/page"}],"author":[{"embeddable":true,"href":"https:\/\/luminussolutions.be\/fr\/wp-json\/wp\/v2\/users\/1"}],"replies":[{"embeddable":true,"href":"https:\/\/luminussolutions.be\/fr\/wp-json\/wp\/v2\/comments?post=194"}],"version-history":[{"count":0,"href":"https:\/\/luminussolutions.be\/fr\/wp-json\/wp\/v2\/pages\/194\/revisions"}],"wp:attachment":[{"href":"https:\/\/luminussolutions.be\/fr\/wp-json\/wp\/v2\/media?parent=194"}],"curies":[{"name":"wp","href":"https:\/\/api.w.org\/{rel}","templated":true}]}}